{"id":10690,"date":"2022-10-10T10:59:29","date_gmt":"2022-10-10T15:31:35","guid":{"rendered":"https:\/\/erbeticino.ch\/?post_type=product&#038;p=10690"},"modified":"2022-10-10T17:31:35","modified_gmt":"2022-10-10T15:31:35","slug":"caldo-abbraccio","status":"publish","type":"product","link":"https:\/\/erbeticino.ch\/de\/caldo-abbraccio\/","title":{"rendered":"Caldo abbraccio"},"content":{"rendered":"<p>Unsere hei\u00dfen Kr\u00e4utertees f\u00fcr k\u00e4ltere Tage, begleitet von Bio-Kastanienhonig, zwei Makronen und zwei Flaschen Olivone-Kr\u00e4utertee, um einen Moment der Entspannung mit einem Freund zu teilen.<\/p>\n","protected":false},"excerpt":{"rendered":"<p>Unsere hei\u00dfen Kr\u00e4utertees, Olivone-Kr\u00e4utertee und Eistee, Bianchi Bio-Honig, zwei Amaretti und zwei Olivone-Kr\u00e4utertees, um alleine oder in Gesellschaft einen angenehmen Moment der Entspannung zu genie\u00dfen.<\/p>\n","protected":false},"featured_media":10686,"comment_status":"open","ping_status":"closed","template":"","meta":[],"product_brand":[],"product_cat":[89],"product_tag":[340,317,318,136,259,339,272,109],"class_list":{"0":"post-10690","1":"product","2":"type-product","3":"status-publish","4":"has-post-thumbnail","6":"product_cat-geschenkideen","7":"product_tag-amaretti-de","8":"product_tag-bio-de","9":"product_tag-biologisch","10":"product_tag-geschenkideen","11":"product_tag-honig","12":"product_tag-natale22-de","13":"product_tag-neue","14":"product_tag-olivone-de","16":"first","17":"outofstock","18":"taxable","19":"shipping-taxable","20":"purchasable","21":"product-type-simple"},"_links":{"self":[{"href":"https:\/\/erbeticino.ch\/de\/wp-json\/wp\/v2\/product\/10690","targetHints":{"allow":["GET"]}}],"collection":[{"href":"https:\/\/erbeticino.ch\/de\/wp-json\/wp\/v2\/product"}],"about":[{"href":"https:\/\/erbeticino.ch\/de\/wp-json\/wp\/v2\/types\/product"}],"replies":[{"embeddable":true,"href":"https:\/\/erbeticino.ch\/de\/wp-json\/wp\/v2\/comments?post=10690"}],"wp:featuredmedia":[{"embeddable":true,"href":"https:\/\/erbeticino.ch\/de\/wp-json\/wp\/v2\/media\/10686"}],"wp:attachment":[{"href":"https:\/\/erbeticino.ch\/de\/wp-json\/wp\/v2\/media?parent=10690"}],"wp:term":[{"taxonomy":"product_brand","embeddable":true,"href":"https:\/\/erbeticino.ch\/de\/wp-json\/wp\/v2\/product_brand?post=10690"},{"taxonomy":"product_cat","embeddable":true,"href":"https:\/\/erbeticino.ch\/de\/wp-json\/wp\/v2\/product_cat?post=10690"},{"taxonomy":"product_tag","embeddable":true,"href":"https:\/\/erbeticino.ch\/de\/wp-json\/wp\/v2\/product_tag?post=10690"}],"curies":[{"name":"wp","href":"https:\/\/api.w.org\/{rel}","templated":true}]}}