{"id":10917,"date":"2022-10-10T14:23:47","date_gmt":"2022-10-10T15:31:17","guid":{"rendered":"https:\/\/erbeticino.ch\/?post_type=product&#038;p=10917"},"modified":"2022-10-10T17:31:18","modified_gmt":"2022-10-10T15:31:18","slug":"das-tessin-auf-dem-tisch-2","status":"publish","type":"product","link":"https:\/\/erbeticino.ch\/de\/das-tessin-auf-dem-tisch-2\/","title":{"rendered":"Das Tessin auf dem Tisch"},"content":{"rendered":"<p>Ein Abend mit Freunden, ein Grillabend, ein Raclette oder eine besondere Note f\u00fcr Ihr Abendessen. In diesem Set haben wir die Essenz der Aromen und Gew\u00fcrze unseres Anbaus zusammengefasst, von Bergblumen zur Dekoration Ihrer Gerichte bis hin zu w\u00fcrzigen und ganzheitlichen Salzen. Und schlie\u00dflich zwei Gl\u00e4ser Chilischoten: eine, um den Akzent zu setzen (Ticinese mit Cayenne) und eine, um das Ausrufezeichen zu setzen (Ticinese Hot mit Habanero).<\/p>\n","protected":false},"excerpt":{"rendered":"<p>Aromatisches Vollkornsalz, dekorative und k\u00f6stliche Blumen, eine Kr\u00e4utermischung und zwei unserer schmackhaftesten Chilischoten in einer einzigartigen und unwiederholbaren Kollektion.<\/p>\n","protected":false},"featured_media":13235,"comment_status":"open","ping_status":"closed","template":"","meta":[],"product_brand":[],"product_cat":[89],"product_tag":[260,115,151,307,339,272,357,359,358],"class_list":{"0":"post-10917","1":"product","2":"type-product","3":"status-publish","4":"has-post-thumbnail","6":"product_cat-geschenkideen","7":"product_tag-aroma-und-salz","8":"product_tag-chilischotte","9":"product_tag-krauter","10":"product_tag-miscela-di-erbe-de","11":"product_tag-natale22-de","12":"product_tag-neue","13":"product_tag-sali-de","14":"product_tag-tavola-de","15":"product_tag-ticino-de","17":"first","18":"outofstock","19":"taxable","20":"shipping-taxable","21":"purchasable","22":"product-type-simple"},"_links":{"self":[{"href":"https:\/\/erbeticino.ch\/de\/wp-json\/wp\/v2\/product\/10917","targetHints":{"allow":["GET"]}}],"collection":[{"href":"https:\/\/erbeticino.ch\/de\/wp-json\/wp\/v2\/product"}],"about":[{"href":"https:\/\/erbeticino.ch\/de\/wp-json\/wp\/v2\/types\/product"}],"replies":[{"embeddable":true,"href":"https:\/\/erbeticino.ch\/de\/wp-json\/wp\/v2\/comments?post=10917"}],"wp:featuredmedia":[{"embeddable":true,"href":"https:\/\/erbeticino.ch\/de\/wp-json\/wp\/v2\/media\/13235"}],"wp:attachment":[{"href":"https:\/\/erbeticino.ch\/de\/wp-json\/wp\/v2\/media?parent=10917"}],"wp:term":[{"taxonomy":"product_brand","embeddable":true,"href":"https:\/\/erbeticino.ch\/de\/wp-json\/wp\/v2\/product_brand?post=10917"},{"taxonomy":"product_cat","embeddable":true,"href":"https:\/\/erbeticino.ch\/de\/wp-json\/wp\/v2\/product_cat?post=10917"},{"taxonomy":"product_tag","embeddable":true,"href":"https:\/\/erbeticino.ch\/de\/wp-json\/wp\/v2\/product_tag?post=10917"}],"curies":[{"name":"wp","href":"https:\/\/api.w.org\/{rel}","templated":true}]}}