{"id":10931,"date":"2022-10-10T14:44:41","date_gmt":"2022-10-10T15:31:12","guid":{"rendered":"https:\/\/erbeticino.ch\/?post_type=product&#038;p=10931"},"modified":"2022-10-10T17:31:13","modified_gmt":"2022-10-10T15:31:13","slug":"laperitivo","status":"publish","type":"product","link":"https:\/\/erbeticino.ch\/de\/laperitivo\/","title":{"rendered":"L&#8217;aperitivo"},"content":{"rendered":"<p>Unsere besondere Auswahl f\u00fcr jeden Aperitif, der etwas auf sich h\u00e4lt: die Frische von Tisana Olivone und der einzigartige Geschmack von Samb\u00ec, ein Glas Apero Nuts zum Knabbern und ein St\u00fcck Schmalz aus der Region, begleitet von einem L\u00f6ffel Bio-Kastanienhonig.<\/p>\n","protected":false},"excerpt":{"rendered":"<p>Die beste Art, einen Aperitif zu trinken? Tisana Olivone, Samb\u00ec, Apero Nuts, Schweineschmalz und Bio-Kastanienhonig.<\/p>\n","protected":false},"featured_media":10928,"comment_status":"open","ping_status":"closed","template":"","meta":[],"product_brand":[],"product_cat":[89],"product_tag":[366,91,259,107,367,339,272,109,231,368],"class_list":{"0":"post-10931","1":"product","2":"type-product","3":"status-publish","4":"has-post-thumbnail","6":"product_cat-geschenkideen","7":"product_tag-aperitivo-de","8":"product_tag-flasche","9":"product_tag-honig","10":"product_tag-krautertee","11":"product_tag-lardo-de","12":"product_tag-natale22-de","13":"product_tag-neue","14":"product_tag-olivone-de","15":"product_tag-sambi-de","16":"product_tag-vassoio-de","18":"first","19":"outofstock","20":"taxable","21":"shipping-taxable","22":"purchasable","23":"product-type-simple"},"_links":{"self":[{"href":"https:\/\/erbeticino.ch\/de\/wp-json\/wp\/v2\/product\/10931","targetHints":{"allow":["GET"]}}],"collection":[{"href":"https:\/\/erbeticino.ch\/de\/wp-json\/wp\/v2\/product"}],"about":[{"href":"https:\/\/erbeticino.ch\/de\/wp-json\/wp\/v2\/types\/product"}],"replies":[{"embeddable":true,"href":"https:\/\/erbeticino.ch\/de\/wp-json\/wp\/v2\/comments?post=10931"}],"wp:featuredmedia":[{"embeddable":true,"href":"https:\/\/erbeticino.ch\/de\/wp-json\/wp\/v2\/media\/10928"}],"wp:attachment":[{"href":"https:\/\/erbeticino.ch\/de\/wp-json\/wp\/v2\/media?parent=10931"}],"wp:term":[{"taxonomy":"product_brand","embeddable":true,"href":"https:\/\/erbeticino.ch\/de\/wp-json\/wp\/v2\/product_brand?post=10931"},{"taxonomy":"product_cat","embeddable":true,"href":"https:\/\/erbeticino.ch\/de\/wp-json\/wp\/v2\/product_cat?post=10931"},{"taxonomy":"product_tag","embeddable":true,"href":"https:\/\/erbeticino.ch\/de\/wp-json\/wp\/v2\/product_tag?post=10931"}],"curies":[{"name":"wp","href":"https:\/\/api.w.org\/{rel}","templated":true}]}}