{"id":10938,"date":"2022-10-10T15:17:06","date_gmt":"2022-10-10T15:31:07","guid":{"rendered":"https:\/\/erbeticino.ch\/?post_type=product&#038;p=10938"},"modified":"2022-10-10T17:31:08","modified_gmt":"2022-10-10T15:31:08","slug":"tocco-artigianale","status":"publish","type":"product","link":"https:\/\/erbeticino.ch\/de\/tocco-artigianale\/","title":{"rendered":"Tocco artigianale"},"content":{"rendered":"<p>Eine der besten Auswahlen, um die vielen Qualit\u00e4ten unseres Gebiets zu w\u00fcrdigen. Unser allgegenw\u00e4rtiger Olivone-Kr\u00e4utertee und die traditionelle Birra Matta, das in der Familie gebraute Schweizer Bio-Bier, unsere neue Tessiner Chilicreme, die Kr\u00e4utermischung, das Castello-Salz, die Tessiner Chiliflocken und schliesslich die Kr\u00e4uter- und Chilischoten-Toketten.<\/p>\n","protected":false},"excerpt":{"rendered":"<p>Eine der besten Auswahlen, um die vielen Qualit\u00e4ten unseres Gebiets zu w\u00fcrdigen.<\/p>\n","protected":false},"featured_media":10935,"comment_status":"open","ping_status":"closed","template":"","meta":[],"product_brand":[],"product_cat":[89],"product_tag":[317,318,115,136,295,107,307,339,272,109,232,371],"class_list":{"0":"post-10938","1":"product","2":"type-product","3":"status-publish","4":"has-post-thumbnail","6":"product_cat-geschenkideen","7":"product_tag-bio-de","8":"product_tag-biologisch","9":"product_tag-chilischotte","10":"product_tag-geschenkideen","11":"product_tag-handwerklich","12":"product_tag-krautertee","13":"product_tag-miscela-di-erbe-de","14":"product_tag-natale22-de","15":"product_tag-neue","16":"product_tag-olivone-de","17":"product_tag-tessiner-chilicreme","18":"product_tag-tocchetti-de","20":"first","21":"outofstock","22":"taxable","23":"shipping-taxable","24":"purchasable","25":"product-type-simple"},"_links":{"self":[{"href":"https:\/\/erbeticino.ch\/de\/wp-json\/wp\/v2\/product\/10938","targetHints":{"allow":["GET"]}}],"collection":[{"href":"https:\/\/erbeticino.ch\/de\/wp-json\/wp\/v2\/product"}],"about":[{"href":"https:\/\/erbeticino.ch\/de\/wp-json\/wp\/v2\/types\/product"}],"replies":[{"embeddable":true,"href":"https:\/\/erbeticino.ch\/de\/wp-json\/wp\/v2\/comments?post=10938"}],"wp:featuredmedia":[{"embeddable":true,"href":"https:\/\/erbeticino.ch\/de\/wp-json\/wp\/v2\/media\/10935"}],"wp:attachment":[{"href":"https:\/\/erbeticino.ch\/de\/wp-json\/wp\/v2\/media?parent=10938"}],"wp:term":[{"taxonomy":"product_brand","embeddable":true,"href":"https:\/\/erbeticino.ch\/de\/wp-json\/wp\/v2\/product_brand?post=10938"},{"taxonomy":"product_cat","embeddable":true,"href":"https:\/\/erbeticino.ch\/de\/wp-json\/wp\/v2\/product_cat?post=10938"},{"taxonomy":"product_tag","embeddable":true,"href":"https:\/\/erbeticino.ch\/de\/wp-json\/wp\/v2\/product_tag?post=10938"}],"curies":[{"name":"wp","href":"https:\/\/api.w.org\/{rel}","templated":true}]}}