{"id":10952,"date":"2022-10-10T16:01:45","date_gmt":"2022-10-10T15:31:03","guid":{"rendered":"https:\/\/erbeticino.ch\/?post_type=product&#038;p=10952"},"modified":"2022-10-10T17:31:04","modified_gmt":"2022-10-10T15:31:04","slug":"ticino-box","status":"publish","type":"product","link":"https:\/\/erbeticino.ch\/de\/ticino-box\/","title":{"rendered":"Ticino box"},"content":{"rendered":"<p>Eine originelle Idee zum Verschenken oder Verw\u00f6hnen f\u00fcr alle, die gerne kochen und nat\u00fcrliche Aromen lieben, die durch unsere Kr\u00e4uter verst\u00e4rkt werden. Das ganze Tessiner Erbe-Erlebnis mit heissem Olivone-Kr\u00e4utertee und Kr\u00e4utertee in Flaschen, feinem Salz mit Kr\u00e4utern und Bl\u00fcten, Kr\u00e4utermischung und Tessiner Chiliflocken, sowie den traditionellen Geschmacksrichtungen Birra Matta, Samb\u00ec, lokale Polenta, Makronen und Schweizer Schokolade.<\/p>\n","protected":false},"excerpt":{"rendered":"<p>Eine originelle Geschenkidee f\u00fcr alle, die gerne kochen und nat\u00fcrliche Aromen lieben, die durch unsere Kr\u00e4uter noch verst\u00e4rkt werden.<\/p>\n","protected":false},"featured_media":10949,"comment_status":"open","ping_status":"closed","template":"","meta":[],"product_brand":[],"product_cat":[89],"product_tag":[318,136,151,107,284,307,339,272,157],"class_list":{"0":"post-10952","1":"product","2":"type-product","3":"status-publish","4":"has-post-thumbnail","6":"product_cat-geschenkideen","7":"product_tag-biologisch","8":"product_tag-geschenkideen","9":"product_tag-krauter","10":"product_tag-krautertee","11":"product_tag-krautertee-de","12":"product_tag-miscela-di-erbe-de","13":"product_tag-natale22-de","14":"product_tag-neue","15":"product_tag-salz","17":"first","18":"outofstock","19":"taxable","20":"shipping-taxable","21":"purchasable","22":"product-type-simple"},"_links":{"self":[{"href":"https:\/\/erbeticino.ch\/de\/wp-json\/wp\/v2\/product\/10952","targetHints":{"allow":["GET"]}}],"collection":[{"href":"https:\/\/erbeticino.ch\/de\/wp-json\/wp\/v2\/product"}],"about":[{"href":"https:\/\/erbeticino.ch\/de\/wp-json\/wp\/v2\/types\/product"}],"replies":[{"embeddable":true,"href":"https:\/\/erbeticino.ch\/de\/wp-json\/wp\/v2\/comments?post=10952"}],"wp:featuredmedia":[{"embeddable":true,"href":"https:\/\/erbeticino.ch\/de\/wp-json\/wp\/v2\/media\/10949"}],"wp:attachment":[{"href":"https:\/\/erbeticino.ch\/de\/wp-json\/wp\/v2\/media?parent=10952"}],"wp:term":[{"taxonomy":"product_brand","embeddable":true,"href":"https:\/\/erbeticino.ch\/de\/wp-json\/wp\/v2\/product_brand?post=10952"},{"taxonomy":"product_cat","embeddable":true,"href":"https:\/\/erbeticino.ch\/de\/wp-json\/wp\/v2\/product_cat?post=10952"},{"taxonomy":"product_tag","embeddable":true,"href":"https:\/\/erbeticino.ch\/de\/wp-json\/wp\/v2\/product_tag?post=10952"}],"curies":[{"name":"wp","href":"https:\/\/api.w.org\/{rel}","templated":true}]}}