{"id":10959,"date":"2022-10-10T16:21:52","date_gmt":"2022-10-10T15:30:59","guid":{"rendered":"https:\/\/erbeticino.ch\/?post_type=product&#038;p=10959"},"modified":"2022-10-10T17:30:59","modified_gmt":"2022-10-10T15:30:59","slug":"ticino-box-premium","status":"publish","type":"product","link":"https:\/\/erbeticino.ch\/de\/ticino-box-premium\/","title":{"rendered":"Ticino box premium"},"content":{"rendered":"<p>Die ganze Tradition und Qualit\u00e4t des Tessins in einer Sammlung von typischen Produkten. Die beste Art, Freunden und Familie frohe Festtage und ein gl\u00fcckliches Jahr 2023 zu w\u00fcnschen. Unsere Tisana Olivone, Sale del Castello und Crema di peperoncini Ticinesi werden von vielen lokalen Produkten begleitet: Samb\u00ec, Vino Picaia, Tisana Monte Generoso, Polenta nostrana, Schweizer Schokolade, Amaretti und Apero Nuts.<\/p>\n","protected":false},"excerpt":{"rendered":"<p>Die ganze Tradition und Qualit\u00e4t des Tessins in einer Sammlung von typischen Produkten.<\/p>\n","protected":false},"featured_media":10956,"comment_status":"open","ping_status":"closed","template":"","meta":[],"product_brand":[],"product_cat":[89],"product_tag":[318,115,136,107,339,272,109,236,232],"class_list":{"0":"post-10959","1":"product","2":"type-product","3":"status-publish","4":"has-post-thumbnail","6":"product_cat-geschenkideen","7":"product_tag-biologisch","8":"product_tag-chilischotte","9":"product_tag-geschenkideen","10":"product_tag-krautertee","11":"product_tag-natale22-de","12":"product_tag-neue","13":"product_tag-olivone-de","14":"product_tag-schokolade","15":"product_tag-tessiner-chilicreme","17":"first","18":"outofstock","19":"taxable","20":"shipping-taxable","21":"purchasable","22":"product-type-simple"},"_links":{"self":[{"href":"https:\/\/erbeticino.ch\/de\/wp-json\/wp\/v2\/product\/10959","targetHints":{"allow":["GET"]}}],"collection":[{"href":"https:\/\/erbeticino.ch\/de\/wp-json\/wp\/v2\/product"}],"about":[{"href":"https:\/\/erbeticino.ch\/de\/wp-json\/wp\/v2\/types\/product"}],"replies":[{"embeddable":true,"href":"https:\/\/erbeticino.ch\/de\/wp-json\/wp\/v2\/comments?post=10959"}],"wp:featuredmedia":[{"embeddable":true,"href":"https:\/\/erbeticino.ch\/de\/wp-json\/wp\/v2\/media\/10956"}],"wp:attachment":[{"href":"https:\/\/erbeticino.ch\/de\/wp-json\/wp\/v2\/media?parent=10959"}],"wp:term":[{"taxonomy":"product_brand","embeddable":true,"href":"https:\/\/erbeticino.ch\/de\/wp-json\/wp\/v2\/product_brand?post=10959"},{"taxonomy":"product_cat","embeddable":true,"href":"https:\/\/erbeticino.ch\/de\/wp-json\/wp\/v2\/product_cat?post=10959"},{"taxonomy":"product_tag","embeddable":true,"href":"https:\/\/erbeticino.ch\/de\/wp-json\/wp\/v2\/product_tag?post=10959"}],"curies":[{"name":"wp","href":"https:\/\/api.w.org\/{rel}","templated":true}]}}