{"id":11537,"date":"2022-10-25T11:59:11","date_gmt":"2023-01-10T10:24:29","guid":{"rendered":"https:\/\/erbeticino.ch\/?post_type=product&#038;p=11537"},"modified":"2023-01-10T11:24:30","modified_gmt":"2023-01-10T10:24:30","slug":"weihnachts-kraeutertee","status":"publish","type":"product","link":"https:\/\/erbeticino.ch\/de\/weihnachts-kraeutertee\/","title":{"rendered":"Weihnachts-Kr\u00e4utertee"},"content":{"rendered":"<p>Direkt von unseren Elfen, ein Kr\u00e4utertee mit dem wahren Duft von Weihnachten. Wenn Sie diese einzigartige Mischung aus Kr\u00e4utern und Aromen in Wasser einweichen, f\u00fchlen Sie sich auf einen Markt voller leckerer Leckereien, blinkender Lichter und Sterne, unter einen geschm\u00fcckten Tannenbaum oder direkt in den Schlitten des Weihnachtsmanns versetzt. Sagen Sie nicht, wir h\u00e4tten Sie nicht gewarnt!<\/p>\n","protected":false},"excerpt":{"rendered":"<p>Direkt von unseren Elfen, ein Kr\u00e4utertee mit dem wahren Duft von Weihnachten.<\/p>\n","protected":false},"featured_media":11533,"comment_status":"closed","ping_status":"closed","template":"","meta":[],"product_brand":[],"product_cat":[390,166],"product_tag":[136,339,396,393],"class_list":{"0":"post-11537","1":"product","2":"type-product","3":"status-publish","4":"has-post-thumbnail","6":"product_cat-angebote","7":"product_cat-krautertees","8":"product_tag-geschenkideen","9":"product_tag-natale22-de","10":"product_tag-natale24-de","11":"product_tag-promopage-de","13":"first","14":"outofstock","15":"taxable","16":"shipping-taxable","17":"purchasable","18":"product-type-simple"},"_links":{"self":[{"href":"https:\/\/erbeticino.ch\/de\/wp-json\/wp\/v2\/product\/11537","targetHints":{"allow":["GET"]}}],"collection":[{"href":"https:\/\/erbeticino.ch\/de\/wp-json\/wp\/v2\/product"}],"about":[{"href":"https:\/\/erbeticino.ch\/de\/wp-json\/wp\/v2\/types\/product"}],"replies":[{"embeddable":true,"href":"https:\/\/erbeticino.ch\/de\/wp-json\/wp\/v2\/comments?post=11537"}],"wp:featuredmedia":[{"embeddable":true,"href":"https:\/\/erbeticino.ch\/de\/wp-json\/wp\/v2\/media\/11533"}],"wp:attachment":[{"href":"https:\/\/erbeticino.ch\/de\/wp-json\/wp\/v2\/media?parent=11537"}],"wp:term":[{"taxonomy":"product_brand","embeddable":true,"href":"https:\/\/erbeticino.ch\/de\/wp-json\/wp\/v2\/product_brand?post=11537"},{"taxonomy":"product_cat","embeddable":true,"href":"https:\/\/erbeticino.ch\/de\/wp-json\/wp\/v2\/product_cat?post=11537"},{"taxonomy":"product_tag","embeddable":true,"href":"https:\/\/erbeticino.ch\/de\/wp-json\/wp\/v2\/product_tag?post=11537"}],"curies":[{"name":"wp","href":"https:\/\/api.w.org\/{rel}","templated":true}]}}