{"id":11553,"date":"2022-10-25T13:24:18","date_gmt":"2022-10-25T11:27:44","guid":{"rendered":"https:\/\/erbeticino.ch\/kraeuterkunde\/"},"modified":"2022-10-25T13:27:44","modified_gmt":"2022-10-25T11:27:44","slug":"tocchetti-alle-erbe-2","status":"publish","type":"product","link":"https:\/\/erbeticino.ch\/de\/tocchetti-alle-erbe-2\/","title":{"rendered":"Kr\u00e4uterkunde"},"content":{"rendered":"<p><span data-doc-id=\"8048521000000652005\">Die Essenz der Kr\u00e4uter f\u00fcr schmackhafte, leichte und unverf\u00e4lschte Taralli, die perfekt zu Suppen, s\u00e4migen Suppen, So\u00dfen, Salaten oder als einfacher Aperitif passen.<\/span><\/p>\n","protected":false},"excerpt":{"rendered":"<p><span data-doc-id=\"8048521000000652005\">Die Essenz von Kr\u00e4utern f\u00fcr schmackhafte Taralli, die perfekt zu Suppen, s\u00e4migen Suppen, So\u00dfen, Salaten oder als einfacher Aperitif passen.<\/span><\/p>\n","protected":false},"featured_media":11550,"comment_status":"open","ping_status":"closed","template":"","meta":[],"product_brand":[],"product_cat":[89],"product_tag":[136,151,339,272],"class_list":{"0":"post-11553","1":"product","2":"type-product","3":"status-publish","4":"has-post-thumbnail","6":"product_cat-geschenkideen","7":"product_tag-geschenkideen","8":"product_tag-krauter","9":"product_tag-natale22-de","10":"product_tag-neue","12":"first","13":"outofstock","14":"sale","15":"taxable","16":"shipping-taxable","17":"purchasable","18":"product-type-simple"},"_links":{"self":[{"href":"https:\/\/erbeticino.ch\/de\/wp-json\/wp\/v2\/product\/11553","targetHints":{"allow":["GET"]}}],"collection":[{"href":"https:\/\/erbeticino.ch\/de\/wp-json\/wp\/v2\/product"}],"about":[{"href":"https:\/\/erbeticino.ch\/de\/wp-json\/wp\/v2\/types\/product"}],"replies":[{"embeddable":true,"href":"https:\/\/erbeticino.ch\/de\/wp-json\/wp\/v2\/comments?post=11553"}],"wp:featuredmedia":[{"embeddable":true,"href":"https:\/\/erbeticino.ch\/de\/wp-json\/wp\/v2\/media\/11550"}],"wp:attachment":[{"href":"https:\/\/erbeticino.ch\/de\/wp-json\/wp\/v2\/media?parent=11553"}],"wp:term":[{"taxonomy":"product_brand","embeddable":true,"href":"https:\/\/erbeticino.ch\/de\/wp-json\/wp\/v2\/product_brand?post=11553"},{"taxonomy":"product_cat","embeddable":true,"href":"https:\/\/erbeticino.ch\/de\/wp-json\/wp\/v2\/product_cat?post=11553"},{"taxonomy":"product_tag","embeddable":true,"href":"https:\/\/erbeticino.ch\/de\/wp-json\/wp\/v2\/product_tag?post=11553"}],"curies":[{"name":"wp","href":"https:\/\/api.w.org\/{rel}","templated":true}]}}