{"id":11561,"date":"2022-10-25T13:37:11","date_gmt":"2022-10-25T11:48:37","guid":{"rendered":"https:\/\/erbeticino.ch\/chilischoten-toketten\/"},"modified":"2022-10-25T13:48:37","modified_gmt":"2022-10-25T11:48:37","slug":"tocchetti-al-peperoncino-2","status":"publish","type":"product","link":"https:\/\/erbeticino.ch\/de\/tocchetti-al-peperoncino-2\/","title":{"rendered":"Chilischoten-Toketten"},"content":{"rendered":"<p><span data-doc-id=\"8048521000000652005\">Die Sch\u00e4rfe unserer Chilischoten sorgt f\u00fcr schmackhafte Taralli mit kr\u00e4ftigem Geschmack, die perfekt zu Suppen, Eint\u00f6pfen, So\u00dfen, Salaten oder als einfacher Aperitif passen.<\/span><\/p>\n","protected":false},"excerpt":{"rendered":"<p><span data-doc-id=\"8048521000000652005\">Die Sch\u00e4rfe unserer Chilischoten sorgt f\u00fcr schmackhafte Taralli mit kr\u00e4ftigem Geschmack, die perfekt zu Suppen, Eint\u00f6pfen, So\u00dfen, Salaten oder als einfacher Aperitif passen.<\/span><\/p>\n","protected":false},"featured_media":11558,"comment_status":"open","ping_status":"closed","template":"","meta":[],"product_brand":[],"product_cat":[89],"product_tag":[115,136,339,272],"class_list":{"0":"post-11561","1":"product","2":"type-product","3":"status-publish","4":"has-post-thumbnail","6":"product_cat-geschenkideen","7":"product_tag-chilischotte","8":"product_tag-geschenkideen","9":"product_tag-natale22-de","10":"product_tag-neue","12":"first","13":"outofstock","14":"sale","15":"taxable","16":"shipping-taxable","17":"purchasable","18":"product-type-simple"},"_links":{"self":[{"href":"https:\/\/erbeticino.ch\/de\/wp-json\/wp\/v2\/product\/11561","targetHints":{"allow":["GET"]}}],"collection":[{"href":"https:\/\/erbeticino.ch\/de\/wp-json\/wp\/v2\/product"}],"about":[{"href":"https:\/\/erbeticino.ch\/de\/wp-json\/wp\/v2\/types\/product"}],"replies":[{"embeddable":true,"href":"https:\/\/erbeticino.ch\/de\/wp-json\/wp\/v2\/comments?post=11561"}],"wp:featuredmedia":[{"embeddable":true,"href":"https:\/\/erbeticino.ch\/de\/wp-json\/wp\/v2\/media\/11558"}],"wp:attachment":[{"href":"https:\/\/erbeticino.ch\/de\/wp-json\/wp\/v2\/media?parent=11561"}],"wp:term":[{"taxonomy":"product_brand","embeddable":true,"href":"https:\/\/erbeticino.ch\/de\/wp-json\/wp\/v2\/product_brand?post=11561"},{"taxonomy":"product_cat","embeddable":true,"href":"https:\/\/erbeticino.ch\/de\/wp-json\/wp\/v2\/product_cat?post=11561"},{"taxonomy":"product_tag","embeddable":true,"href":"https:\/\/erbeticino.ch\/de\/wp-json\/wp\/v2\/product_tag?post=11561"}],"curies":[{"name":"wp","href":"https:\/\/api.w.org\/{rel}","templated":true}]}}