{"id":11577,"date":"2022-10-25T15:08:26","date_gmt":"2022-10-25T13:17:09","guid":{"rendered":"https:\/\/erbeticino.ch\/cashewnuesse-mit-gewuerzen\/"},"modified":"2022-10-25T15:17:09","modified_gmt":"2022-10-25T13:17:09","slug":"apero-nuts-alle-erbe-2","status":"publish","type":"product","link":"https:\/\/erbeticino.ch\/de\/apero-nuts-alle-erbe-2\/","title":{"rendered":"Cashewn\u00fcsse mit Gew\u00fcrzen"},"content":{"rendered":"<p>Es hei\u00dft, dass jedes Lebensmittel dem Teil des K\u00f6rpers \u00e4hnelt, f\u00fcr den es gut ist. Cashewn\u00fcsse erinnern an die Form des Herzens und sind in der Tat reich an Cholesterin-senkenden Eigenschaften. Mit der Zugabe von Kr\u00e4utern und Paprika werden Ihre Aperitifs noch schmackhafter.<\/p>\n","protected":false},"excerpt":{"rendered":"<p>Cashewn\u00fcsse mit Kr\u00e4utern und Paprika, um Ihre Aperitifs noch schmackhafter zu machen.<\/p>\n","protected":false},"featured_media":11908,"comment_status":"open","ping_status":"closed","template":"","meta":[],"product_brand":[],"product_cat":[89],"product_tag":[366,136,272],"class_list":{"0":"post-11577","1":"product","2":"type-product","3":"status-publish","4":"has-post-thumbnail","6":"product_cat-geschenkideen","7":"product_tag-aperitivo-de","8":"product_tag-geschenkideen","9":"product_tag-neue","11":"first","12":"outofstock","13":"taxable","14":"shipping-taxable","15":"purchasable","16":"product-type-simple"},"_links":{"self":[{"href":"https:\/\/erbeticino.ch\/de\/wp-json\/wp\/v2\/product\/11577","targetHints":{"allow":["GET"]}}],"collection":[{"href":"https:\/\/erbeticino.ch\/de\/wp-json\/wp\/v2\/product"}],"about":[{"href":"https:\/\/erbeticino.ch\/de\/wp-json\/wp\/v2\/types\/product"}],"replies":[{"embeddable":true,"href":"https:\/\/erbeticino.ch\/de\/wp-json\/wp\/v2\/comments?post=11577"}],"wp:featuredmedia":[{"embeddable":true,"href":"https:\/\/erbeticino.ch\/de\/wp-json\/wp\/v2\/media\/11908"}],"wp:attachment":[{"href":"https:\/\/erbeticino.ch\/de\/wp-json\/wp\/v2\/media?parent=11577"}],"wp:term":[{"taxonomy":"product_brand","embeddable":true,"href":"https:\/\/erbeticino.ch\/de\/wp-json\/wp\/v2\/product_brand?post=11577"},{"taxonomy":"product_cat","embeddable":true,"href":"https:\/\/erbeticino.ch\/de\/wp-json\/wp\/v2\/product_cat?post=11577"},{"taxonomy":"product_tag","embeddable":true,"href":"https:\/\/erbeticino.ch\/de\/wp-json\/wp\/v2\/product_tag?post=11577"}],"curies":[{"name":"wp","href":"https:\/\/api.w.org\/{rel}","templated":true}]}}