{"id":11797,"date":"2022-11-30T15:11:53","date_gmt":"2022-11-30T14:11:53","guid":{"rendered":"https:\/\/erbeticino.ch\/?post_type=product&#038;p=11797"},"modified":"2023-12-16T19:15:08","modified_gmt":"2023-12-16T18:15:08","slug":"sali-dautore","status":"publish","type":"product","link":"https:\/\/erbeticino.ch\/de\/sali-dautore\/","title":{"rendered":"Sali d&#8217;Autore"},"content":{"rendered":"<p>Erbe Ticino pr\u00e4sentiert eine einzigartige und noch nie dagewesene Linie von aromatischen Salzen h\u00f6chster Qualit\u00e4t, die &#8222;Sali d&#8217;Autore&#8220;, die das Ergebnis der Zusammenarbeit dreier hervorragender und etablierter lokaler K\u00f6che, Federico Palladino, Luca Bellanca und Lorenzo Albrici, sind. Diese neue Salzserie, die ausschlie\u00dflich aus lokalen und biologischen Rohstoffen hergestellt wird, soll Ihre K\u00fcche mit Geschmack bereichern. Die drei Salze sind f\u00fcr drei verschiedene Lebensmittel geeignet: Fisch, wei\u00dfes und rotes Fleisch.<\/p>\n<p><strong>Die limitierte Auflage wird ab dem 12.09.2022 erh\u00e4ltlich sein.<\/strong><\/p>\n","protected":false},"excerpt":{"rendered":"<p>Dieses neue Salzsortiment wird ausschlie\u00dflich aus lokalen und biologischen Rohstoffen hergestellt und soll Ihre K\u00fcche mit Geschmack bereichern.<\/p>\n","protected":false},"featured_media":11779,"comment_status":"closed","ping_status":"closed","template":"","meta":[],"product_brand":[],"product_cat":[114,89],"product_tag":[136,396,393,357],"class_list":{"0":"post-11797","1":"product","2":"type-product","3":"status-publish","4":"has-post-thumbnail","6":"product_cat-aromen-und-salz","7":"product_cat-geschenkideen","8":"product_tag-geschenkideen","9":"product_tag-natale24-de","10":"product_tag-promopage-de","11":"product_tag-sali-de","13":"first","14":"instock","15":"taxable","16":"shipping-taxable","17":"purchasable","18":"product-type-simple"},"_links":{"self":[{"href":"https:\/\/erbeticino.ch\/de\/wp-json\/wp\/v2\/product\/11797","targetHints":{"allow":["GET"]}}],"collection":[{"href":"https:\/\/erbeticino.ch\/de\/wp-json\/wp\/v2\/product"}],"about":[{"href":"https:\/\/erbeticino.ch\/de\/wp-json\/wp\/v2\/types\/product"}],"replies":[{"embeddable":true,"href":"https:\/\/erbeticino.ch\/de\/wp-json\/wp\/v2\/comments?post=11797"}],"wp:featuredmedia":[{"embeddable":true,"href":"https:\/\/erbeticino.ch\/de\/wp-json\/wp\/v2\/media\/11779"}],"wp:attachment":[{"href":"https:\/\/erbeticino.ch\/de\/wp-json\/wp\/v2\/media?parent=11797"}],"wp:term":[{"taxonomy":"product_brand","embeddable":true,"href":"https:\/\/erbeticino.ch\/de\/wp-json\/wp\/v2\/product_brand?post=11797"},{"taxonomy":"product_cat","embeddable":true,"href":"https:\/\/erbeticino.ch\/de\/wp-json\/wp\/v2\/product_cat?post=11797"},{"taxonomy":"product_tag","embeddable":true,"href":"https:\/\/erbeticino.ch\/de\/wp-json\/wp\/v2\/product_tag?post=11797"}],"curies":[{"name":"wp","href":"https:\/\/api.w.org\/{rel}","templated":true}]}}