{"id":11918,"date":"2022-12-01T13:51:04","date_gmt":"2022-12-01T12:51:04","guid":{"rendered":"https:\/\/erbeticino.ch\/?post_type=product&#038;p=11918"},"modified":"2024-01-12T10:03:45","modified_gmt":"2024-01-12T09:03:45","slug":"motivierende-wasserflasche","status":"publish","type":"product","link":"https:\/\/erbeticino.ch\/de\/motivierende-wasserflasche\/","title":{"rendered":"Motivierende Wasserflasche"},"content":{"rendered":"<p>Fl\u00fcssigkeitszufuhr ist der Schl\u00fcssel zu einer gesunden Lebensweise, weshalb empfohlen wird, t\u00e4glich etwa 2 Liter Wasser zu trinken. Die Zeitanzeige auf der Vorderseite hilft Ihnen, die richtige Wassermenge f\u00fcr den Tag zu bestimmen. Die Flasche hat au\u00dferdem eine gro\u00dfe \u00d6ffnung, die die Reinigung und das Einf\u00fcllen von Eis erleichtert.<\/p>\n","protected":false},"excerpt":{"rendered":"<p>Fl\u00fcssigkeitszufuhr ist der Schl\u00fcssel zu einem gesunden Lebensstil. Deshalb hilft Ihnen unsere motivierende Wasserflasche, den ganzen Tag \u00fcber die richtige Wassermenge zu sich zu nehmen.<\/p>\n","protected":false},"featured_media":11928,"comment_status":"closed","ping_status":"closed","template":"","meta":[],"product_brand":[],"product_cat":[133,390],"product_tag":[136,375],"class_list":{"0":"post-11918","1":"product","2":"type-product","3":"status-publish","4":"has-post-thumbnail","6":"product_cat-zubehor","7":"product_cat-angebote","8":"product_tag-geschenkideen","9":"product_tag-wasserflasche","11":"first","12":"instock","13":"taxable","14":"shipping-taxable","15":"purchasable","16":"product-type-simple"},"_links":{"self":[{"href":"https:\/\/erbeticino.ch\/de\/wp-json\/wp\/v2\/product\/11918","targetHints":{"allow":["GET"]}}],"collection":[{"href":"https:\/\/erbeticino.ch\/de\/wp-json\/wp\/v2\/product"}],"about":[{"href":"https:\/\/erbeticino.ch\/de\/wp-json\/wp\/v2\/types\/product"}],"replies":[{"embeddable":true,"href":"https:\/\/erbeticino.ch\/de\/wp-json\/wp\/v2\/comments?post=11918"}],"wp:featuredmedia":[{"embeddable":true,"href":"https:\/\/erbeticino.ch\/de\/wp-json\/wp\/v2\/media\/11928"}],"wp:attachment":[{"href":"https:\/\/erbeticino.ch\/de\/wp-json\/wp\/v2\/media?parent=11918"}],"wp:term":[{"taxonomy":"product_brand","embeddable":true,"href":"https:\/\/erbeticino.ch\/de\/wp-json\/wp\/v2\/product_brand?post=11918"},{"taxonomy":"product_cat","embeddable":true,"href":"https:\/\/erbeticino.ch\/de\/wp-json\/wp\/v2\/product_cat?post=11918"},{"taxonomy":"product_tag","embeddable":true,"href":"https:\/\/erbeticino.ch\/de\/wp-json\/wp\/v2\/product_tag?post=11918"}],"curies":[{"name":"wp","href":"https:\/\/api.w.org\/{rel}","templated":true}]}}