{"id":12424,"date":"2022-10-10T13:05:22","date_gmt":"2023-01-10T10:20:15","guid":{"rendered":"https:\/\/erbeticino.ch\/winterliche-duefte\/"},"modified":"2023-01-10T11:20:15","modified_gmt":"2023-01-10T10:20:15","slug":"winterliche-dufte","status":"publish","type":"product","link":"https:\/\/erbeticino.ch\/de\/winterliche-dufte\/","title":{"rendered":"Winterliche D\u00fcfte"},"content":{"rendered":"<p>Eine kleine, handgefertigte Aufmerksamkeit f\u00fcr Ihre Liebsten und unseren Weihnachtskr\u00e4utertee, den Sie in der Erbe Ticino Tasse hei\u00df vor dem Kamin genie\u00dfen k\u00f6nnen.<\/p>\n","protected":false},"excerpt":{"rendered":"<p>Eine kleine, handgefertigte Aufmerksamkeit f\u00fcr Ihre Liebsten und unseren Weihnachtskr\u00e4utertee, den Sie in der Erbe Ticino Tasse hei\u00df vor dem Kamin genie\u00dfen k\u00f6nnen.<\/p>\n","protected":false},"featured_media":10777,"comment_status":"open","ping_status":"closed","template":"","meta":[],"product_brand":[],"product_cat":[89],"product_tag":[318,136,295,339,272,251],"class_list":{"0":"post-12424","1":"product","2":"type-product","3":"status-publish","4":"has-post-thumbnail","6":"product_cat-geschenkideen","7":"product_tag-biologisch","8":"product_tag-geschenkideen","9":"product_tag-handwerklich","10":"product_tag-natale22-de","11":"product_tag-neue","12":"product_tag-saife","14":"first","15":"outofstock","16":"taxable","17":"shipping-taxable","18":"purchasable","19":"product-type-simple"},"_links":{"self":[{"href":"https:\/\/erbeticino.ch\/de\/wp-json\/wp\/v2\/product\/12424","targetHints":{"allow":["GET"]}}],"collection":[{"href":"https:\/\/erbeticino.ch\/de\/wp-json\/wp\/v2\/product"}],"about":[{"href":"https:\/\/erbeticino.ch\/de\/wp-json\/wp\/v2\/types\/product"}],"replies":[{"embeddable":true,"href":"https:\/\/erbeticino.ch\/de\/wp-json\/wp\/v2\/comments?post=12424"}],"wp:featuredmedia":[{"embeddable":true,"href":"https:\/\/erbeticino.ch\/de\/wp-json\/wp\/v2\/media\/10777"}],"wp:attachment":[{"href":"https:\/\/erbeticino.ch\/de\/wp-json\/wp\/v2\/media?parent=12424"}],"wp:term":[{"taxonomy":"product_brand","embeddable":true,"href":"https:\/\/erbeticino.ch\/de\/wp-json\/wp\/v2\/product_brand?post=12424"},{"taxonomy":"product_cat","embeddable":true,"href":"https:\/\/erbeticino.ch\/de\/wp-json\/wp\/v2\/product_cat?post=12424"},{"taxonomy":"product_tag","embeddable":true,"href":"https:\/\/erbeticino.ch\/de\/wp-json\/wp\/v2\/product_tag?post=12424"}],"curies":[{"name":"wp","href":"https:\/\/api.w.org\/{rel}","templated":true}]}}