{"id":13722,"date":"2023-10-09T15:12:10","date_gmt":"2023-10-09T13:12:10","guid":{"rendered":"https:\/\/erbeticino.ch\/?post_type=product&#038;p=13722"},"modified":"2023-10-17T11:28:38","modified_gmt":"2023-10-17T09:28:38","slug":"grill-copia-copia","status":"publish","type":"product","link":"https:\/\/erbeticino.ch\/de\/grill-copia-copia\/","title":{"rendered":"Zeit f\u00fcr Kr\u00e4utertee"},"content":{"rendered":"<p>Die Dreierpackung Kr\u00e4utertee ist das perfekte Geschenk, um sich an kalten Winterabenden zu entspannen und zu verw\u00f6hnen. Drei verschiedene Geschmacksrichtungen, eine umh\u00fcllende W\u00e4rme.<\/p>\n<p>Alpin-Kr\u00e4utertee, Relax-Kr\u00e4utertee, Weihnachts-Kr\u00e4utertee.<\/p>\n","protected":false},"excerpt":{"rendered":"<p>Alpin-Kr\u00e4utertee, Relax-Kr\u00e4utertee, Weihnachts-Kr\u00e4utertee.<\/p>\n","protected":false},"featured_media":14247,"comment_status":"open","ping_status":"closed","template":"","meta":[],"product_brand":[],"product_cat":[390,89],"product_tag":[384,109,393,375],"class_list":{"0":"post-13722","1":"product","2":"type-product","3":"status-publish","4":"has-post-thumbnail","6":"product_cat-angebote","7":"product_cat-geschenkideen","8":"product_tag-entgiftung","9":"product_tag-olivone-de","10":"product_tag-promopage-de","11":"product_tag-wasserflasche","13":"first","14":"outofstock","15":"taxable","16":"shipping-taxable","17":"purchasable","18":"product-type-simple"},"_links":{"self":[{"href":"https:\/\/erbeticino.ch\/de\/wp-json\/wp\/v2\/product\/13722","targetHints":{"allow":["GET"]}}],"collection":[{"href":"https:\/\/erbeticino.ch\/de\/wp-json\/wp\/v2\/product"}],"about":[{"href":"https:\/\/erbeticino.ch\/de\/wp-json\/wp\/v2\/types\/product"}],"replies":[{"embeddable":true,"href":"https:\/\/erbeticino.ch\/de\/wp-json\/wp\/v2\/comments?post=13722"}],"wp:featuredmedia":[{"embeddable":true,"href":"https:\/\/erbeticino.ch\/de\/wp-json\/wp\/v2\/media\/14247"}],"wp:attachment":[{"href":"https:\/\/erbeticino.ch\/de\/wp-json\/wp\/v2\/media?parent=13722"}],"wp:term":[{"taxonomy":"product_brand","embeddable":true,"href":"https:\/\/erbeticino.ch\/de\/wp-json\/wp\/v2\/product_brand?post=13722"},{"taxonomy":"product_cat","embeddable":true,"href":"https:\/\/erbeticino.ch\/de\/wp-json\/wp\/v2\/product_cat?post=13722"},{"taxonomy":"product_tag","embeddable":true,"href":"https:\/\/erbeticino.ch\/de\/wp-json\/wp\/v2\/product_tag?post=13722"}],"curies":[{"name":"wp","href":"https:\/\/api.w.org\/{rel}","templated":true}]}}