{"id":13743,"date":"2023-10-09T15:41:53","date_gmt":"2023-10-09T13:41:53","guid":{"rendered":"https:\/\/erbeticino.ch\/?post_type=product&#038;p=13743"},"modified":"2023-10-17T11:12:44","modified_gmt":"2023-10-17T09:12:44","slug":"grill-copia-copia-copia-copia-copia-copia-copia","status":"publish","type":"product","link":"https:\/\/erbeticino.ch\/de\/grill-copia-copia-copia-copia-copia-copia-copia\/","title":{"rendered":"Das Tessin auf dem Tisch"},"content":{"rendered":"<p>Sie eignen sich hervorragend, um jedem Gericht einen Hauch von lokalem Geschmack und Tradition zu verleihen. Ein Geschenk, das das Tessin direkt auf Ihren Tisch bringt.<\/p>\n<p>Feines Kr\u00e4uter- und Blumensalz, Graues Vollkornsalz mit Tessiner Gew\u00fcrzen, Kr\u00e4utermischung, Blumenmischung, Tessiner Pfeffer, Tessiner Pfeffer HOT<\/p>\n","protected":false},"excerpt":{"rendered":"<p>Feines Kr\u00e4uter- und Blumensalz, Graues Vollkornsalz mit Tessiner Gew\u00fcrzen, Kr\u00e4utermischung, Blumenmischung, Tessiner Pfeffer, Tessiner Pfeffer HOT<\/p>\n","protected":false},"featured_media":14229,"comment_status":"closed","ping_status":"closed","template":"","meta":[],"product_brand":[],"product_cat":[89,114],"product_tag":[109,393,375,402],"class_list":{"0":"post-13743","1":"product","2":"type-product","3":"status-publish","4":"has-post-thumbnail","6":"product_cat-geschenkideen","7":"product_cat-aromen-und-salz","8":"product_tag-olivone-de","9":"product_tag-promopage-de","10":"product_tag-wasserflasche","11":"product_tag-weihnachten25","13":"first","14":"outofstock","15":"taxable","16":"shipping-taxable","17":"purchasable","18":"product-type-simple"},"_links":{"self":[{"href":"https:\/\/erbeticino.ch\/de\/wp-json\/wp\/v2\/product\/13743","targetHints":{"allow":["GET"]}}],"collection":[{"href":"https:\/\/erbeticino.ch\/de\/wp-json\/wp\/v2\/product"}],"about":[{"href":"https:\/\/erbeticino.ch\/de\/wp-json\/wp\/v2\/types\/product"}],"replies":[{"embeddable":true,"href":"https:\/\/erbeticino.ch\/de\/wp-json\/wp\/v2\/comments?post=13743"}],"wp:featuredmedia":[{"embeddable":true,"href":"https:\/\/erbeticino.ch\/de\/wp-json\/wp\/v2\/media\/14229"}],"wp:attachment":[{"href":"https:\/\/erbeticino.ch\/de\/wp-json\/wp\/v2\/media?parent=13743"}],"wp:term":[{"taxonomy":"product_brand","embeddable":true,"href":"https:\/\/erbeticino.ch\/de\/wp-json\/wp\/v2\/product_brand?post=13743"},{"taxonomy":"product_cat","embeddable":true,"href":"https:\/\/erbeticino.ch\/de\/wp-json\/wp\/v2\/product_cat?post=13743"},{"taxonomy":"product_tag","embeddable":true,"href":"https:\/\/erbeticino.ch\/de\/wp-json\/wp\/v2\/product_tag?post=13743"}],"curies":[{"name":"wp","href":"https:\/\/api.w.org\/{rel}","templated":true}]}}