{"id":13747,"date":"2023-10-09T15:55:10","date_gmt":"2023-10-09T13:55:10","guid":{"rendered":"https:\/\/erbeticino.ch\/?post_type=product&#038;p=13747"},"modified":"2023-10-17T11:10:26","modified_gmt":"2023-10-17T09:10:26","slug":"grill-copia-copia-copia-copia-copia-copia-copia-copia","status":"publish","type":"product","link":"https:\/\/erbeticino.ch\/de\/grill-copia-copia-copia-copia-copia-copia-copia-copia\/","title":{"rendered":"Weihnachten #Lokales"},"content":{"rendered":"<p>Ein Geschenk, das die lokalen Produkte w\u00fcrdigt, ist eine Hommage an unser Tessin und seine einzigartigen Ressourcen. Auf diese Weise k\u00f6nnen Sie die lokalen Erzeuger unterst\u00fctzen und die Qualit\u00e4t unseres Gebiets genie\u00dfen.<\/p>\n<p>Gin Bisbino, Tonic Noah, Blumenmischung, Mais-Chips, Olivone-Kr\u00e4utertee<\/p>\n","protected":false},"excerpt":{"rendered":"<p>Gin Bisbino, Tonic Noah, Blumenmischung, Mais-Chips, Olivone-Kr\u00e4utertee<\/p>\n","protected":false},"featured_media":14226,"comment_status":"open","ping_status":"closed","template":"","meta":[],"product_brand":[],"product_cat":[390,89],"product_tag":[384,109,393,375],"class_list":{"0":"post-13747","1":"product","2":"type-product","3":"status-publish","4":"has-post-thumbnail","6":"product_cat-angebote","7":"product_cat-geschenkideen","8":"product_tag-entgiftung","9":"product_tag-olivone-de","10":"product_tag-promopage-de","11":"product_tag-wasserflasche","13":"first","14":"outofstock","15":"taxable","16":"shipping-taxable","17":"purchasable","18":"product-type-simple"},"_links":{"self":[{"href":"https:\/\/erbeticino.ch\/de\/wp-json\/wp\/v2\/product\/13747","targetHints":{"allow":["GET"]}}],"collection":[{"href":"https:\/\/erbeticino.ch\/de\/wp-json\/wp\/v2\/product"}],"about":[{"href":"https:\/\/erbeticino.ch\/de\/wp-json\/wp\/v2\/types\/product"}],"replies":[{"embeddable":true,"href":"https:\/\/erbeticino.ch\/de\/wp-json\/wp\/v2\/comments?post=13747"}],"wp:featuredmedia":[{"embeddable":true,"href":"https:\/\/erbeticino.ch\/de\/wp-json\/wp\/v2\/media\/14226"}],"wp:attachment":[{"href":"https:\/\/erbeticino.ch\/de\/wp-json\/wp\/v2\/media?parent=13747"}],"wp:term":[{"taxonomy":"product_brand","embeddable":true,"href":"https:\/\/erbeticino.ch\/de\/wp-json\/wp\/v2\/product_brand?post=13747"},{"taxonomy":"product_cat","embeddable":true,"href":"https:\/\/erbeticino.ch\/de\/wp-json\/wp\/v2\/product_cat?post=13747"},{"taxonomy":"product_tag","embeddable":true,"href":"https:\/\/erbeticino.ch\/de\/wp-json\/wp\/v2\/product_tag?post=13747"}],"curies":[{"name":"wp","href":"https:\/\/api.w.org\/{rel}","templated":true}]}}