{"id":13755,"date":"2023-10-09T16:03:55","date_gmt":"2023-10-09T14:03:55","guid":{"rendered":"https:\/\/erbeticino.ch\/?post_type=product&#038;p=13755"},"modified":"2023-10-17T10:50:36","modified_gmt":"2023-10-17T08:50:36","slug":"grill-copia-copia-copia-copia-copia-copia-copia-copia-copia-copia","status":"publish","type":"product","link":"https:\/\/erbeticino.ch\/de\/grill-copia-copia-copia-copia-copia-copia-copia-copia-copia-copia\/","title":{"rendered":"Ticino box"},"content":{"rendered":"<p>Die &#8222;Ticino Box&#8220;, ein einzigartiges Geschenk aus der Region, ist eine kulinarische und kulturelle Fundgrube, die Sie auf eine Entdeckungsreise zu den lokalen K\u00f6stlichkeiten f\u00fchrt, von gastronomischen Produkten bis hin zu handwerklichen Traditionen.<\/p>\n<p>Olivone-Kr\u00e4utertee, feines Kr\u00e4uter- und Bl\u00fctensalz, Kr\u00e4utermischung, Tessiner Pfeffer, Weihnachts-Kr\u00e4utertee, Schokolade, Samb\u00ec, Salz Chef Lorenzo Albrici, Amaretti, Tessiner Konfit\u00fcre, Matta-Bier<\/p>\n","protected":false},"excerpt":{"rendered":"<p>Olivone-Kr\u00e4utertee, feines Kr\u00e4uter- und Bl\u00fctensalz, Kr\u00e4utermischung, Tessiner Pfeffer, Weihnachts-Kr\u00e4utertee, Schokolade, Samb\u00ec, Salz Chef Lorenzo Albrici, Amaretti, Tessiner Konfit\u00fcre, Matta-Bier<\/p>\n","protected":false},"featured_media":13811,"comment_status":"open","ping_status":"closed","template":"","meta":[],"product_brand":[],"product_cat":[390,89],"product_tag":[384,109,393,375],"class_list":{"0":"post-13755","1":"product","2":"type-product","3":"status-publish","4":"has-post-thumbnail","6":"product_cat-angebote","7":"product_cat-geschenkideen","8":"product_tag-entgiftung","9":"product_tag-olivone-de","10":"product_tag-promopage-de","11":"product_tag-wasserflasche","13":"first","14":"outofstock","15":"taxable","16":"shipping-taxable","17":"purchasable","18":"product-type-simple"},"_links":{"self":[{"href":"https:\/\/erbeticino.ch\/de\/wp-json\/wp\/v2\/product\/13755","targetHints":{"allow":["GET"]}}],"collection":[{"href":"https:\/\/erbeticino.ch\/de\/wp-json\/wp\/v2\/product"}],"about":[{"href":"https:\/\/erbeticino.ch\/de\/wp-json\/wp\/v2\/types\/product"}],"replies":[{"embeddable":true,"href":"https:\/\/erbeticino.ch\/de\/wp-json\/wp\/v2\/comments?post=13755"}],"wp:featuredmedia":[{"embeddable":true,"href":"https:\/\/erbeticino.ch\/de\/wp-json\/wp\/v2\/media\/13811"}],"wp:attachment":[{"href":"https:\/\/erbeticino.ch\/de\/wp-json\/wp\/v2\/media?parent=13755"}],"wp:term":[{"taxonomy":"product_brand","embeddable":true,"href":"https:\/\/erbeticino.ch\/de\/wp-json\/wp\/v2\/product_brand?post=13755"},{"taxonomy":"product_cat","embeddable":true,"href":"https:\/\/erbeticino.ch\/de\/wp-json\/wp\/v2\/product_cat?post=13755"},{"taxonomy":"product_tag","embeddable":true,"href":"https:\/\/erbeticino.ch\/de\/wp-json\/wp\/v2\/product_tag?post=13755"}],"curies":[{"name":"wp","href":"https:\/\/api.w.org\/{rel}","templated":true}]}}