{"id":13885,"date":"2023-10-18T03:36:14","date_gmt":"2023-10-18T01:36:14","guid":{"rendered":"https:\/\/erbeticino.ch\/?post_type=product&#038;p=13885"},"modified":"2024-03-07T10:12:53","modified_gmt":"2024-03-07T09:12:53","slug":"tisana-monte-generoso","status":"publish","type":"product","link":"https:\/\/erbeticino.ch\/de\/tisana-monte-generoso\/","title":{"rendered":"Monte Generoso-Kr\u00e4utertee"},"content":{"rendered":"<p><strong>Tisana Monte Generoso<\/strong> ist eine einzigartige Kr\u00e4utermischung aus streng biologisch angebauten, geernteten und getrockneten Kr\u00e4utern, darunter die K\u00f6nigin der Alpen, das Edelweiss, das hier im Tessin, speziell in Rovio und Arogno, das ideale Klima und den idealen Boden f\u00fcr ein \u00fcppiges Wachstum gefunden hat.<\/p>\n<p>Es wurde in Zusammenarbeit mit dem Landwirtschaftsbetrieb Bianchi und der Monte Generoso-Bahn entwickelt.<\/p>\n","protected":false},"excerpt":{"rendered":"<p>Entstanden aus der Zusammenarbeit mit dem Agrarunternehmen Bianchi und der Monte-Generoso-Eisenbahn.<\/p>\n","protected":false},"featured_media":19392,"comment_status":"closed","ping_status":"closed","template":"","meta":[],"product_brand":[],"product_cat":[166,390],"product_tag":[136,339],"class_list":{"0":"post-13885","1":"product","2":"type-product","3":"status-publish","4":"has-post-thumbnail","6":"product_cat-krautertees","7":"product_cat-angebote","8":"product_tag-geschenkideen","9":"product_tag-natale22-de","11":"first","12":"instock","13":"taxable","14":"shipping-taxable","15":"purchasable","16":"product-type-simple"},"_links":{"self":[{"href":"https:\/\/erbeticino.ch\/de\/wp-json\/wp\/v2\/product\/13885","targetHints":{"allow":["GET"]}}],"collection":[{"href":"https:\/\/erbeticino.ch\/de\/wp-json\/wp\/v2\/product"}],"about":[{"href":"https:\/\/erbeticino.ch\/de\/wp-json\/wp\/v2\/types\/product"}],"replies":[{"embeddable":true,"href":"https:\/\/erbeticino.ch\/de\/wp-json\/wp\/v2\/comments?post=13885"}],"wp:featuredmedia":[{"embeddable":true,"href":"https:\/\/erbeticino.ch\/de\/wp-json\/wp\/v2\/media\/19392"}],"wp:attachment":[{"href":"https:\/\/erbeticino.ch\/de\/wp-json\/wp\/v2\/media?parent=13885"}],"wp:term":[{"taxonomy":"product_brand","embeddable":true,"href":"https:\/\/erbeticino.ch\/de\/wp-json\/wp\/v2\/product_brand?post=13885"},{"taxonomy":"product_cat","embeddable":true,"href":"https:\/\/erbeticino.ch\/de\/wp-json\/wp\/v2\/product_cat?post=13885"},{"taxonomy":"product_tag","embeddable":true,"href":"https:\/\/erbeticino.ch\/de\/wp-json\/wp\/v2\/product_tag?post=13885"}],"curies":[{"name":"wp","href":"https:\/\/api.w.org\/{rel}","templated":true}]}}