{"id":13994,"date":"2023-11-11T08:43:43","date_gmt":"2023-11-11T07:43:43","guid":{"rendered":"https:\/\/erbeticino.ch\/?post_type=product&#038;p=13994"},"modified":"2024-01-10T15:20:20","modified_gmt":"2024-01-10T14:20:20","slug":"zeit-fur-krautertee-copia","status":"publish","type":"product","link":"https:\/\/erbeticino.ch\/de\/zeit-fur-krautertee-copia\/","title":{"rendered":"Dreierpackung Kr\u00e4utertee"},"content":{"rendered":"<p>Die Dreierpackung Kr\u00e4utertee ist das perfekte Geschenk, um sich an kalten Winterabenden zu entspannen und zu verw\u00f6hnen. Drei verschiedene Geschmacksrichtungen, eine umh\u00fcllende W\u00e4rme.<\/p>\n<p>Alpin-Kr\u00e4utertee, Relax-Kr\u00e4utertee, Weihnachts-Kr\u00e4utertee.<\/p>\n","protected":false},"excerpt":{"rendered":"<p>Alpin-Kr\u00e4utertee, Relax-Kr\u00e4utertee, Weihnachts-Kr\u00e4utertee.<\/p>\n","protected":false},"featured_media":13999,"comment_status":"open","ping_status":"closed","template":"","meta":[],"product_brand":[],"product_cat":[89,166],"product_tag":[384,109,375],"class_list":{"0":"post-13994","1":"product","2":"type-product","3":"status-publish","4":"has-post-thumbnail","6":"product_cat-geschenkideen","7":"product_cat-krautertees","8":"product_tag-entgiftung","9":"product_tag-olivone-de","10":"product_tag-wasserflasche","12":"first","13":"outofstock","14":"taxable","15":"shipping-taxable","16":"purchasable","17":"product-type-simple"},"_links":{"self":[{"href":"https:\/\/erbeticino.ch\/de\/wp-json\/wp\/v2\/product\/13994","targetHints":{"allow":["GET"]}}],"collection":[{"href":"https:\/\/erbeticino.ch\/de\/wp-json\/wp\/v2\/product"}],"about":[{"href":"https:\/\/erbeticino.ch\/de\/wp-json\/wp\/v2\/types\/product"}],"replies":[{"embeddable":true,"href":"https:\/\/erbeticino.ch\/de\/wp-json\/wp\/v2\/comments?post=13994"}],"wp:featuredmedia":[{"embeddable":true,"href":"https:\/\/erbeticino.ch\/de\/wp-json\/wp\/v2\/media\/13999"}],"wp:attachment":[{"href":"https:\/\/erbeticino.ch\/de\/wp-json\/wp\/v2\/media?parent=13994"}],"wp:term":[{"taxonomy":"product_brand","embeddable":true,"href":"https:\/\/erbeticino.ch\/de\/wp-json\/wp\/v2\/product_brand?post=13994"},{"taxonomy":"product_cat","embeddable":true,"href":"https:\/\/erbeticino.ch\/de\/wp-json\/wp\/v2\/product_cat?post=13994"},{"taxonomy":"product_tag","embeddable":true,"href":"https:\/\/erbeticino.ch\/de\/wp-json\/wp\/v2\/product_tag?post=13994"}],"curies":[{"name":"wp","href":"https:\/\/api.w.org\/{rel}","templated":true}]}}