{"id":14660,"date":"2024-01-04T09:13:21","date_gmt":"2024-01-04T08:13:22","guid":{"rendered":"https:\/\/erbeticino.ch\/?post_type=product&#038;p=14660"},"modified":"2024-03-07T10:07:35","modified_gmt":"2024-03-07T09:07:35","slug":"entgiftungskur","status":"publish","type":"product","link":"https:\/\/erbeticino.ch\/de\/entgiftungskur\/","title":{"rendered":"Entgiftungskur"},"content":{"rendered":"<p>Dieses Paket ist ideal, um die \u00dcbersch\u00fcsse der Ferien loszuwerden.<\/p>\n<p>Dank der Kr\u00e4utertees und der Motivationsflasche werden Sie m\u00fchelos mindestens 2 Liter pro Tag trinken k\u00f6nnen!<\/p>\n<p>4 x ZERO Olivone Kr\u00e4utertee, Eis-Kr\u00e4utertee und Motivationsflasche.<\/p>\n","protected":false},"excerpt":{"rendered":"<p>Olivone-Kr\u00e4utertee, feines Kr\u00e4uter- und Bl\u00fctensalz, Kr\u00e4utermischung, Tessiner Pfeffer, Weihnachts-Kr\u00e4utertee, Schokolade, Samb\u00ec, Salz Chef Lorenzo Albrici, Amaretti, Tessiner Konfit\u00fcre, Matta-Bier<\/p>\n","protected":false},"featured_media":14725,"comment_status":"closed","ping_status":"closed","template":"","meta":[],"product_brand":[],"product_cat":[390,89],"product_tag":[384,109,393,375],"class_list":{"0":"post-14660","1":"product","2":"type-product","3":"status-publish","4":"has-post-thumbnail","6":"product_cat-angebote","7":"product_cat-geschenkideen","8":"product_tag-entgiftung","9":"product_tag-olivone-de","10":"product_tag-promopage-de","11":"product_tag-wasserflasche","13":"first","14":"outofstock","15":"sale","16":"taxable","17":"shipping-taxable","18":"purchasable","19":"product-type-simple"},"_links":{"self":[{"href":"https:\/\/erbeticino.ch\/de\/wp-json\/wp\/v2\/product\/14660","targetHints":{"allow":["GET"]}}],"collection":[{"href":"https:\/\/erbeticino.ch\/de\/wp-json\/wp\/v2\/product"}],"about":[{"href":"https:\/\/erbeticino.ch\/de\/wp-json\/wp\/v2\/types\/product"}],"replies":[{"embeddable":true,"href":"https:\/\/erbeticino.ch\/de\/wp-json\/wp\/v2\/comments?post=14660"}],"wp:featuredmedia":[{"embeddable":true,"href":"https:\/\/erbeticino.ch\/de\/wp-json\/wp\/v2\/media\/14725"}],"wp:attachment":[{"href":"https:\/\/erbeticino.ch\/de\/wp-json\/wp\/v2\/media?parent=14660"}],"wp:term":[{"taxonomy":"product_brand","embeddable":true,"href":"https:\/\/erbeticino.ch\/de\/wp-json\/wp\/v2\/product_brand?post=14660"},{"taxonomy":"product_cat","embeddable":true,"href":"https:\/\/erbeticino.ch\/de\/wp-json\/wp\/v2\/product_cat?post=14660"},{"taxonomy":"product_tag","embeddable":true,"href":"https:\/\/erbeticino.ch\/de\/wp-json\/wp\/v2\/product_tag?post=14660"}],"curies":[{"name":"wp","href":"https:\/\/api.w.org\/{rel}","templated":true}]}}