{"id":15626,"date":"2024-02-23T09:47:01","date_gmt":"2024-03-07T08:50:52","guid":{"rendered":"https:\/\/erbeticino.ch\/tessiner-makronen\/"},"modified":"2024-03-07T09:50:52","modified_gmt":"2024-03-07T08:50:52","slug":"tessiner-makronen","status":"publish","type":"product","link":"https:\/\/erbeticino.ch\/de\/tessiner-makronen\/","title":{"rendered":"Tessiner Makronen"},"content":{"rendered":"<p>Die S\u00fc\u00dfe und das Vergn\u00fcgen eines Moments f\u00fcr sich selbst, begleitet von einem hei\u00dfen Kr\u00e4utertee mit wunderbaren Tessiner Makronen.<\/p>\n","protected":false},"excerpt":{"rendered":"<p>Die S\u00fc\u00dfe und das Vergn\u00fcgen eines Moments f\u00fcr sich selbst, begleitet von einem hei\u00dfen Kr\u00e4utertee mit wunderbaren Tessiner Makronen.<\/p>\n","protected":false},"featured_media":15506,"comment_status":"open","ping_status":"closed","template":"","meta":[],"product_brand":[],"product_cat":[390],"product_tag":[393],"class_list":{"0":"post-15626","1":"product","2":"type-product","3":"status-publish","4":"has-post-thumbnail","6":"product_cat-angebote","7":"product_tag-promopage-de","9":"first","10":"outofstock","11":"sale","12":"taxable","13":"shipping-taxable","14":"purchasable","15":"product-type-simple"},"_links":{"self":[{"href":"https:\/\/erbeticino.ch\/de\/wp-json\/wp\/v2\/product\/15626","targetHints":{"allow":["GET"]}}],"collection":[{"href":"https:\/\/erbeticino.ch\/de\/wp-json\/wp\/v2\/product"}],"about":[{"href":"https:\/\/erbeticino.ch\/de\/wp-json\/wp\/v2\/types\/product"}],"replies":[{"embeddable":true,"href":"https:\/\/erbeticino.ch\/de\/wp-json\/wp\/v2\/comments?post=15626"}],"wp:featuredmedia":[{"embeddable":true,"href":"https:\/\/erbeticino.ch\/de\/wp-json\/wp\/v2\/media\/15506"}],"wp:attachment":[{"href":"https:\/\/erbeticino.ch\/de\/wp-json\/wp\/v2\/media?parent=15626"}],"wp:term":[{"taxonomy":"product_brand","embeddable":true,"href":"https:\/\/erbeticino.ch\/de\/wp-json\/wp\/v2\/product_brand?post=15626"},{"taxonomy":"product_cat","embeddable":true,"href":"https:\/\/erbeticino.ch\/de\/wp-json\/wp\/v2\/product_cat?post=15626"},{"taxonomy":"product_tag","embeddable":true,"href":"https:\/\/erbeticino.ch\/de\/wp-json\/wp\/v2\/product_tag?post=15626"}],"curies":[{"name":"wp","href":"https:\/\/api.w.org\/{rel}","templated":true}]}}