{"id":15628,"date":"2024-02-23T09:41:06","date_gmt":"2024-03-07T08:53:15","guid":{"rendered":"https:\/\/erbeticino.ch\/entspannung-und-geschmacks-kombination\/"},"modified":"2024-03-07T09:53:15","modified_gmt":"2024-03-07T08:53:15","slug":"entspannung-und-geschmacks-kombination","status":"publish","type":"product","link":"https:\/\/erbeticino.ch\/de\/entspannung-und-geschmacks-kombination\/","title":{"rendered":"Entspannung und Geschmackskombination"},"content":{"rendered":"<p>Die perfekte Kombination f\u00fcr einen Moment der Entspannung und des Genusses mit unserem hei\u00dfen Olivone-Kr\u00e4utertee und Tessiner Makronen.<\/p>\n","protected":false},"excerpt":{"rendered":"<p>Die perfekte Kombination f\u00fcr einen Moment der Entspannung und des Genusses mit unserem hei\u00dfen Olivone-Kr\u00e4utertee und Tessiner Makronen.<\/p>\n","protected":false},"featured_media":15501,"comment_status":"open","ping_status":"closed","template":"","meta":[],"product_brand":[],"product_cat":[390],"product_tag":[393],"class_list":{"0":"post-15628","1":"product","2":"type-product","3":"status-publish","4":"has-post-thumbnail","6":"product_cat-angebote","7":"product_tag-promopage-de","9":"first","10":"outofstock","11":"sale","12":"taxable","13":"shipping-taxable","14":"purchasable","15":"product-type-simple"},"_links":{"self":[{"href":"https:\/\/erbeticino.ch\/de\/wp-json\/wp\/v2\/product\/15628","targetHints":{"allow":["GET"]}}],"collection":[{"href":"https:\/\/erbeticino.ch\/de\/wp-json\/wp\/v2\/product"}],"about":[{"href":"https:\/\/erbeticino.ch\/de\/wp-json\/wp\/v2\/types\/product"}],"replies":[{"embeddable":true,"href":"https:\/\/erbeticino.ch\/de\/wp-json\/wp\/v2\/comments?post=15628"}],"wp:featuredmedia":[{"embeddable":true,"href":"https:\/\/erbeticino.ch\/de\/wp-json\/wp\/v2\/media\/15501"}],"wp:attachment":[{"href":"https:\/\/erbeticino.ch\/de\/wp-json\/wp\/v2\/media?parent=15628"}],"wp:term":[{"taxonomy":"product_brand","embeddable":true,"href":"https:\/\/erbeticino.ch\/de\/wp-json\/wp\/v2\/product_brand?post=15628"},{"taxonomy":"product_cat","embeddable":true,"href":"https:\/\/erbeticino.ch\/de\/wp-json\/wp\/v2\/product_cat?post=15628"},{"taxonomy":"product_tag","embeddable":true,"href":"https:\/\/erbeticino.ch\/de\/wp-json\/wp\/v2\/product_tag?post=15628"}],"curies":[{"name":"wp","href":"https:\/\/api.w.org\/{rel}","templated":true}]}}