{"id":15647,"date":"2023-07-04T16:34:33","date_gmt":"2024-03-07T09:21:28","guid":{"rendered":"https:\/\/erbeticino.ch\/sale-dautore-chef-palladino\/"},"modified":"2024-03-07T10:21:28","modified_gmt":"2024-03-07T09:21:28","slug":"sale-dautore-chef-palladino","status":"publish","type":"product","link":"https:\/\/erbeticino.ch\/de\/sale-dautore-chef-palladino\/","title":{"rendered":"Das charakteristische Salz von Chefkoch Palladino"},"content":{"rendered":"<p>          <i>Aus der zarten, s\u00fc\u00dflichen Note des Pyramidensalzes und dem charakteristischen Aroma von Kr\u00e4utern entsteht diese Mischung, die Ihre Fischgerichte aufwertet. Der unverwechselbare zitronige Geschmack von Zitronenmelisse und Lippia, kombiniert mit dem milden Aroma von Alchemilla, wird durch die leuchtende Farbe von Ringelblume und Sonnenblume noch verst\u00e4rkt.<\/i><\/p>\n","protected":false},"excerpt":{"rendered":"<p>Aus der zarten, s\u00fc\u00dflichen Note des Pyramidensalzes und dem charakteristischen Aroma von Kr\u00e4utern entsteht diese Mischung, die Ihre Fischgerichte aufwertet. Der unverwechselbare zitronige Geschmack von Zitronenmelisse und Lippia, kombiniert mit dem milden Aroma von Alchemilla, wird durch die leuchtende Farbe von Ringelblume und Sonnenblume noch verst\u00e4rkt.<\/p>\n","protected":false},"featured_media":13464,"comment_status":"closed","ping_status":"closed","template":"","meta":[],"product_brand":[],"product_cat":[114],"product_tag":[260,393],"class_list":{"0":"post-15647","1":"product","2":"type-product","3":"status-publish","4":"has-post-thumbnail","6":"product_cat-aromen-und-salz","7":"product_tag-aroma-und-salz","8":"product_tag-promopage-de","10":"first","11":"instock","12":"taxable","13":"shipping-taxable","14":"purchasable","15":"product-type-simple"},"_links":{"self":[{"href":"https:\/\/erbeticino.ch\/de\/wp-json\/wp\/v2\/product\/15647","targetHints":{"allow":["GET"]}}],"collection":[{"href":"https:\/\/erbeticino.ch\/de\/wp-json\/wp\/v2\/product"}],"about":[{"href":"https:\/\/erbeticino.ch\/de\/wp-json\/wp\/v2\/types\/product"}],"replies":[{"embeddable":true,"href":"https:\/\/erbeticino.ch\/de\/wp-json\/wp\/v2\/comments?post=15647"}],"wp:featuredmedia":[{"embeddable":true,"href":"https:\/\/erbeticino.ch\/de\/wp-json\/wp\/v2\/media\/13464"}],"wp:attachment":[{"href":"https:\/\/erbeticino.ch\/de\/wp-json\/wp\/v2\/media?parent=15647"}],"wp:term":[{"taxonomy":"product_brand","embeddable":true,"href":"https:\/\/erbeticino.ch\/de\/wp-json\/wp\/v2\/product_brand?post=15647"},{"taxonomy":"product_cat","embeddable":true,"href":"https:\/\/erbeticino.ch\/de\/wp-json\/wp\/v2\/product_cat?post=15647"},{"taxonomy":"product_tag","embeddable":true,"href":"https:\/\/erbeticino.ch\/de\/wp-json\/wp\/v2\/product_tag?post=15647"}],"curies":[{"name":"wp","href":"https:\/\/api.w.org\/{rel}","templated":true}]}}