{"id":16246,"date":"2024-06-05T14:48:18","date_gmt":"2024-06-05T13:57:12","guid":{"rendered":"https:\/\/erbeticino.ch\/summer-vibes\/"},"modified":"2024-06-24T14:14:17","modified_gmt":"2024-06-24T12:14:17","slug":"summer-vibes","status":"publish","type":"product","link":"https:\/\/erbeticino.ch\/de\/summer-vibes\/","title":{"rendered":"Summer Vibes"},"content":{"rendered":"<p>Erleben Sie den Sommer in vollen Z\u00fcgen mit unserer Box \u201eSummer Vibes\u201c, einer exklusiven Auswahl an Produkten, die die Essenz und die Energie der Tessiner Sommertage in sich vereinen. Diese Box ist perfekt f\u00fcr Ihre Aperitifs und Abende im Freien und bringt Frische und Geschmack zu jeder Gelegenheit. Darin finden Sie:<\/p>\n<ul>\n<li><strong>Schneidebrett mit dem Logo von Erbe Ticino: Ein elegantes Schneidebrett aus Holz mit dem Logo von Erbe Ticino, ideal zum Servieren von K\u00e4se, Aufschnitt und anderen K\u00f6stlichkeiten w\u00e4hrend Ihrer Sommeraperitifs.<\/strong><\/li>\n<li><strong>Sechs Flaschen Matta-Bier: Leckere Craft-Biere, ideal f\u00fcr erfrischende Sommerabende mit Freunden und Familie.<\/strong><\/li>\n<li><strong>Ein Glas Tessiner Chilischoten: Sorgf\u00e4ltig in unseren Tessiner Gem\u00fcseg\u00e4rten angebaute Chilischoten, die Ihren Gerichten eine w\u00fcrzige und authentische Note verleihen.<\/strong><\/li>\n<li><strong>Feines Kr\u00e4uter- und Blumensalz: Eine delikate Salzmischung, angereichert mit lokalen Kr\u00e4utern und Blumen, um den Geschmack all Ihrer kulinarischen Kreationen zu verfeinern.<\/strong><\/li>\n<li><strong>Kr\u00e4utermischung: Eine fachm\u00e4nnisch ausgew\u00e4hlte Mischung von Tessiner Kr\u00e4utern, die sich perfekt zum W\u00fcrzen von Fleisch, Fisch und Gem\u00fcse eignet und einen Hauch von Frische und Natur verleiht.<\/strong><\/li>\n<\/ul>\n<p>Die Box \u201eSummer Vibes\u201c ist f\u00fcr all jene gedacht, die den Sommer mit Geschmack und Authentizit\u00e4t erleben und teilen m\u00f6chten. Ideal als Geschenkidee oder um Ihre geselligen Momente mit hochwertigen Produkten mit unverwechselbarem Geschmack zu bereichern.<\/p>\n","protected":false},"excerpt":{"rendered":"<p>Erleben Sie den Sommer in vollen Z\u00fcgen mit unserer Box \u201eSummer Vibes\u201c, einer exklusiven Auswahl an Produkten, die die Essenz und die Energie der Tessiner Sommertage in sich vereinen. Diese Box ist perfekt f\u00fcr Ihre Aperitifs und Abende im Freien und bringt Frische und Geschmack zu jeder Gelegenheit. Darin finden Sie: Schneidebrett mit dem Logo [&hellip;]<\/p>\n","protected":false},"featured_media":16225,"comment_status":"closed","ping_status":"closed","template":"","meta":[],"product_brand":[],"product_cat":[390],"product_tag":[],"class_list":{"0":"post-16246","1":"product","2":"type-product","3":"status-publish","4":"has-post-thumbnail","6":"product_cat-angebote","8":"first","9":"outofstock","10":"sale","11":"taxable","12":"shipping-taxable","13":"purchasable","14":"product-type-simple"},"_links":{"self":[{"href":"https:\/\/erbeticino.ch\/de\/wp-json\/wp\/v2\/product\/16246","targetHints":{"allow":["GET"]}}],"collection":[{"href":"https:\/\/erbeticino.ch\/de\/wp-json\/wp\/v2\/product"}],"about":[{"href":"https:\/\/erbeticino.ch\/de\/wp-json\/wp\/v2\/types\/product"}],"replies":[{"embeddable":true,"href":"https:\/\/erbeticino.ch\/de\/wp-json\/wp\/v2\/comments?post=16246"}],"wp:featuredmedia":[{"embeddable":true,"href":"https:\/\/erbeticino.ch\/de\/wp-json\/wp\/v2\/media\/16225"}],"wp:attachment":[{"href":"https:\/\/erbeticino.ch\/de\/wp-json\/wp\/v2\/media?parent=16246"}],"wp:term":[{"taxonomy":"product_brand","embeddable":true,"href":"https:\/\/erbeticino.ch\/de\/wp-json\/wp\/v2\/product_brand?post=16246"},{"taxonomy":"product_cat","embeddable":true,"href":"https:\/\/erbeticino.ch\/de\/wp-json\/wp\/v2\/product_cat?post=16246"},{"taxonomy":"product_tag","embeddable":true,"href":"https:\/\/erbeticino.ch\/de\/wp-json\/wp\/v2\/product_tag?post=16246"}],"curies":[{"name":"wp","href":"https:\/\/api.w.org\/{rel}","templated":true}]}}