{"id":16248,"date":"2024-06-05T14:50:17","date_gmt":"2024-06-05T14:07:44","guid":{"rendered":"https:\/\/erbeticino.ch\/lokale-frische\/"},"modified":"2024-06-24T14:30:38","modified_gmt":"2024-06-24T12:30:38","slug":"lokale-frische","status":"publish","type":"product","link":"https:\/\/erbeticino.ch\/de\/lokale-frische\/","title":{"rendered":"Lokale Frische"},"content":{"rendered":"<p>Entdecken Sie die authentischen und erfrischenden Aromen des Tessins mit unserer Box \u201eLokale Frische\u201c. Diese Auswahl ist ideal f\u00fcr alle, die auf der Suche nach hochwertigen, lokalen Produkten sind, die ihre Gerichte erfrischen und aufpeppen. Darin finden Sie:<\/p>\n<ul>\n<li><strong>3 Samb\u00ec: Nat\u00fcrliche Holundergetr\u00e4nke, ideal um an heissen Sommertagen den Durst zu stillen.<\/strong> Die Frische des Holunders besticht durch seinen feinen und erfrischenden Geschmack.<\/li>\n<li><strong>3 Olivone-Kr\u00e4utertees im Glas: Raffinierte Kr\u00e4utertees, verpackt in eleganten Glasflaschen.<\/strong> Perfekt, um sie kalt zu genie\u00dfen, f\u00fcr einen Moment der Entspannung und des Wohlbefindens.<\/li>\n<li><strong>Tessiner Chilicreme: Eine k\u00f6stliche Creme, die die Intensit\u00e4t und den Geschmack der in den sonnigen Tessiner Gem\u00fcseg\u00e4rten angebauten Chilischoten hervorhebt.<\/strong> Ideal, um Ihren Gerichten eine w\u00fcrzige und authentische Note zu verleihen.<\/li>\n<li><strong>burgsalz: Ein feines, mineralstoffreiches Salz, das die nat\u00fcrlichen Aromen Ihrer kulinarischen Kreationen und Grillfeste unterstreicht.<\/strong><\/li>\n<\/ul>\n<p>Die Box \u201eLokale Frische\u201c ist f\u00fcr all jene gedacht, die die Echtheit und Frische der Tessiner Produkte genie\u00dfen m\u00f6chten, sei es f\u00fcr entspannende Momente oder zur Bereicherung ihrer K\u00fcche. Ideal als Geschenk oder f\u00fcr alle, die gerne neue Geschmacksrichtungen mit Qualit\u00e4tsprodukten ausprobieren.<\/p>\n","protected":false},"excerpt":{"rendered":"<p>Entdecken Sie die authentischen und erfrischenden Aromen des Tessins mit unserer Box \u201eLokale Frische\u201c. Diese Auswahl ist ideal f\u00fcr alle, die auf der Suche nach hochwertigen, lokalen Produkten sind, die ihre Gerichte erfrischen und aufpeppen. Darin finden Sie: 3 Samb\u00ec: Nat\u00fcrliche Holundergetr\u00e4nke, ideal um an heissen Sommertagen den Durst zu stillen. Die Frische des Holunders [&hellip;]<\/p>\n","protected":false},"featured_media":16230,"comment_status":"closed","ping_status":"closed","template":"","meta":[],"product_brand":[],"product_cat":[390],"product_tag":[],"class_list":{"0":"post-16248","1":"product","2":"type-product","3":"status-publish","4":"has-post-thumbnail","6":"product_cat-angebote","8":"first","9":"outofstock","10":"sale","11":"taxable","12":"shipping-taxable","13":"purchasable","14":"product-type-simple"},"_links":{"self":[{"href":"https:\/\/erbeticino.ch\/de\/wp-json\/wp\/v2\/product\/16248","targetHints":{"allow":["GET"]}}],"collection":[{"href":"https:\/\/erbeticino.ch\/de\/wp-json\/wp\/v2\/product"}],"about":[{"href":"https:\/\/erbeticino.ch\/de\/wp-json\/wp\/v2\/types\/product"}],"replies":[{"embeddable":true,"href":"https:\/\/erbeticino.ch\/de\/wp-json\/wp\/v2\/comments?post=16248"}],"wp:featuredmedia":[{"embeddable":true,"href":"https:\/\/erbeticino.ch\/de\/wp-json\/wp\/v2\/media\/16230"}],"wp:attachment":[{"href":"https:\/\/erbeticino.ch\/de\/wp-json\/wp\/v2\/media?parent=16248"}],"wp:term":[{"taxonomy":"product_brand","embeddable":true,"href":"https:\/\/erbeticino.ch\/de\/wp-json\/wp\/v2\/product_brand?post=16248"},{"taxonomy":"product_cat","embeddable":true,"href":"https:\/\/erbeticino.ch\/de\/wp-json\/wp\/v2\/product_cat?post=16248"},{"taxonomy":"product_tag","embeddable":true,"href":"https:\/\/erbeticino.ch\/de\/wp-json\/wp\/v2\/product_tag?post=16248"}],"curies":[{"name":"wp","href":"https:\/\/api.w.org\/{rel}","templated":true}]}}