{"id":16321,"date":"2024-06-11T10:53:41","date_gmt":"2024-06-23T12:17:07","guid":{"rendered":"https:\/\/erbeticino.ch\/tisana-monte-generoso-sfusa\/"},"modified":"2024-06-23T14:17:07","modified_gmt":"2024-06-23T12:17:07","slug":"tisana-monte-generoso-sfusa","status":"publish","type":"product","link":"https:\/\/erbeticino.ch\/de\/tisana-monte-generoso-sfusa\/","title":{"rendered":"Tisana Monte Generoso sfusa"},"content":{"rendered":"<p><strong>Tisana Monte Generoso<\/strong> ist eine einzigartige Kr\u00e4utermischung aus streng biologisch angebauten, geernteten und getrockneten Kr\u00e4utern, darunter die K\u00f6nigin der Alpen, das Edelweiss, das hier im Tessin, speziell in Rovio und Arogno, das ideale Klima und den idealen Boden f\u00fcr ein \u00fcppiges Wachstum gefunden hat.<\/p>\n<p>Eine Zusammenarbeit zwischen dem Landwirtschaftsbetrieb Bianchi und der Monte Generoso-Bahn.<\/p>\n","protected":false},"excerpt":{"rendered":"<p>Tisana Monte Generoso ist eine einzigartige Kr\u00e4utermischung aus streng biologisch angebauten, geernteten und getrockneten Kr\u00e4utern, darunter die K\u00f6nigin der Alpen, das Edelweiss, das hier im Tessin, speziell in Rovio und Arogno, das ideale Klima und den idealen Boden f\u00fcr ein \u00fcppiges Wachstum gefunden hat. Eine Zusammenarbeit zwischen dem Landwirtschaftsbetrieb Bianchi und der Monte Generoso-Bahn.<\/p>\n","protected":false},"featured_media":16262,"comment_status":"closed","ping_status":"closed","template":"","meta":[],"product_brand":[],"product_cat":[166],"product_tag":[],"class_list":{"0":"post-16321","1":"product","2":"type-product","3":"status-publish","4":"has-post-thumbnail","6":"product_cat-krautertees","8":"first","9":"outofstock","10":"taxable","11":"shipping-taxable","12":"purchasable","13":"product-type-simple"},"_links":{"self":[{"href":"https:\/\/erbeticino.ch\/de\/wp-json\/wp\/v2\/product\/16321","targetHints":{"allow":["GET"]}}],"collection":[{"href":"https:\/\/erbeticino.ch\/de\/wp-json\/wp\/v2\/product"}],"about":[{"href":"https:\/\/erbeticino.ch\/de\/wp-json\/wp\/v2\/types\/product"}],"replies":[{"embeddable":true,"href":"https:\/\/erbeticino.ch\/de\/wp-json\/wp\/v2\/comments?post=16321"}],"wp:featuredmedia":[{"embeddable":true,"href":"https:\/\/erbeticino.ch\/de\/wp-json\/wp\/v2\/media\/16262"}],"wp:attachment":[{"href":"https:\/\/erbeticino.ch\/de\/wp-json\/wp\/v2\/media?parent=16321"}],"wp:term":[{"taxonomy":"product_brand","embeddable":true,"href":"https:\/\/erbeticino.ch\/de\/wp-json\/wp\/v2\/product_brand?post=16321"},{"taxonomy":"product_cat","embeddable":true,"href":"https:\/\/erbeticino.ch\/de\/wp-json\/wp\/v2\/product_cat?post=16321"},{"taxonomy":"product_tag","embeddable":true,"href":"https:\/\/erbeticino.ch\/de\/wp-json\/wp\/v2\/product_tag?post=16321"}],"curies":[{"name":"wp","href":"https:\/\/api.w.org\/{rel}","templated":true}]}}