{"id":16323,"date":"2024-06-10T11:56:54","date_gmt":"2024-06-10T09:56:54","guid":{"rendered":"https:\/\/erbeticino.ch\/maglietta-erbe-ticino\/"},"modified":"2024-06-23T14:21:18","modified_gmt":"2024-06-23T12:21:18","slug":"maglietta-erbe-ticino","status":"publish","type":"product","link":"https:\/\/erbeticino.ch\/de\/maglietta-erbe-ticino\/","title":{"rendered":"T-Shirt Erbe Ticino"},"content":{"rendered":"<p>Ob f\u00fcr einen Tag am See oder als Star auf der eigenen Grill-\/Sommerparty, unser neues T-Shirt ist perfekt, um den coolen und freundlichen Look eines echten &#8222;Einheimischen&#8220; zu zeigen.<\/p>\n<p>Erh\u00e4ltlich in zwei klassischen Farben: Schwarz und Wei\u00df.<\/p>\n<p>\ud83d\udd39 <strong>Colore<\/strong>: Schwarz oder Wei\u00df.<br \/>\n\ud83d\udd39 <strong>Taglie<\/strong>: S, M, L, XL<\/p>\n<p><strong>NB<\/strong>: Bitte geben Sie die gew\u00fcnschte Farbe und Gr\u00f6\u00dfe in den Bestellkommentaren an.<\/p>\n","protected":false},"excerpt":{"rendered":"<p>Ob f\u00fcr einen Tag am See oder als Star auf der eigenen Grill-\/Sommerparty, unser neues T-Shirt ist perfekt, um den coolen und freundlichen Look eines echten &#8222;Einheimischen&#8220; zu zeigen. Erh\u00e4ltlich in zwei klassischen Farben: Schwarz und Wei\u00df. \ud83d\udd39 Colore: Schwarz oder Wei\u00df. \ud83d\udd39 Taglie: S, M, L, XL NB: Bitte geben Sie die gew\u00fcnschte Farbe [&hellip;]<\/p>\n","protected":false},"featured_media":16240,"comment_status":"closed","ping_status":"closed","template":"","meta":[],"product_brand":[],"product_cat":[133],"product_tag":[],"class_list":{"0":"post-16323","1":"product","2":"type-product","3":"status-publish","4":"has-post-thumbnail","6":"product_cat-zubehor","8":"first","9":"outofstock","10":"taxable","11":"shipping-taxable","12":"purchasable","13":"product-type-simple"},"_links":{"self":[{"href":"https:\/\/erbeticino.ch\/de\/wp-json\/wp\/v2\/product\/16323","targetHints":{"allow":["GET"]}}],"collection":[{"href":"https:\/\/erbeticino.ch\/de\/wp-json\/wp\/v2\/product"}],"about":[{"href":"https:\/\/erbeticino.ch\/de\/wp-json\/wp\/v2\/types\/product"}],"replies":[{"embeddable":true,"href":"https:\/\/erbeticino.ch\/de\/wp-json\/wp\/v2\/comments?post=16323"}],"wp:featuredmedia":[{"embeddable":true,"href":"https:\/\/erbeticino.ch\/de\/wp-json\/wp\/v2\/media\/16240"}],"wp:attachment":[{"href":"https:\/\/erbeticino.ch\/de\/wp-json\/wp\/v2\/media?parent=16323"}],"wp:term":[{"taxonomy":"product_brand","embeddable":true,"href":"https:\/\/erbeticino.ch\/de\/wp-json\/wp\/v2\/product_brand?post=16323"},{"taxonomy":"product_cat","embeddable":true,"href":"https:\/\/erbeticino.ch\/de\/wp-json\/wp\/v2\/product_cat?post=16323"},{"taxonomy":"product_tag","embeddable":true,"href":"https:\/\/erbeticino.ch\/de\/wp-json\/wp\/v2\/product_tag?post=16323"}],"curies":[{"name":"wp","href":"https:\/\/api.w.org\/{rel}","templated":true}]}}