{"id":16581,"date":"2024-07-16T08:19:51","date_gmt":"2024-07-16T06:19:51","guid":{"rendered":"https:\/\/erbeticino.ch\/tessiner-chilicreme-mild\/"},"modified":"2024-08-28T09:45:29","modified_gmt":"2024-08-28T07:45:29","slug":"tessiner-chilicreme-mild","status":"publish","type":"product","link":"https:\/\/erbeticino.ch\/de\/tessiner-chilicreme-mild\/","title":{"rendered":"Tessiner Chilicreme MILD"},"content":{"rendered":"<div class=\"elementor-element elementor-element-fc1c871 elementor-widget elementor-widget-jet-single-content\" data-id=\"fc1c871\" data-element_type=\"widget\" data-widget_type=\"jet-single-content.default\">\n<div class=\"elementor-widget-container\">\n<div class=\"elementor-jet-single-content jet-woo-builder\">\n<div class=\"jet-single-content\">\n<div class=\"product\"> Wer h\u00e4tte gedacht, dass der Chili aus der sch\u00e4rfsten L\u00e4ndern, noch besser schmeckt wenn er im Tessin w\u00e4chst? Entdecken Sie den einzigartigen Geschmack und die umh\u00fcllende Sch\u00e4rfe unserer neuen Creme in der version MILD, f\u00fcr Gaumen, die eine mildere Sch\u00e4rfe bevorzugen.  <\/div>\n<\/div>\n<\/div>\n<\/div>\n<\/div>\n<div class=\"elementor-element elementor-element-e06c785 elementor-widget elementor-widget-jet-listing-dynamic-field\" data-id=\"e06c785\" data-element_type=\"widget\" data-widget_type=\"jet-listing-dynamic-field.default\">\n<div class=\"elementor-widget-container\">\n<div class=\"jet-listing jet-listing-dynamic-field display-inline\">\n<div class=\"jet-listing-dynamic-field__inline-wrap\">\n<div class=\"jet-listing-dynamic-field__content\">Empfholen f\u00fcr: Fleisch, Fisch, Marinaden<\/div>\n<\/div>\n<\/div>\n<\/div>\n<\/div>\n","protected":false},"excerpt":{"rendered":"<p>Wer h\u00e4tte gedacht, dass der Chili aus der sch\u00e4rfsten L\u00e4ndern, noch besser schmeckt wenn er im Tessin w\u00e4chst? Entdecken Sie den einzigartigen Geschmack und die umh\u00fcllende Sch\u00e4rfe unserer neuen Creme in der version MILD, f\u00fcr Gaumen, die eine mildere Sch\u00e4rfe bevorzugen. Empfholen f\u00fcr: Fleisch, Fisch, Marinaden<\/p>\n","protected":false},"featured_media":16470,"comment_status":"closed","ping_status":"closed","template":"","meta":[],"product_brand":[],"product_cat":[114],"product_tag":[],"class_list":{"0":"post-16581","1":"product","2":"type-product","3":"status-publish","4":"has-post-thumbnail","6":"product_cat-aromen-und-salz","8":"first","9":"instock","10":"taxable","11":"shipping-taxable","12":"purchasable","13":"product-type-simple"},"_links":{"self":[{"href":"https:\/\/erbeticino.ch\/de\/wp-json\/wp\/v2\/product\/16581","targetHints":{"allow":["GET"]}}],"collection":[{"href":"https:\/\/erbeticino.ch\/de\/wp-json\/wp\/v2\/product"}],"about":[{"href":"https:\/\/erbeticino.ch\/de\/wp-json\/wp\/v2\/types\/product"}],"replies":[{"embeddable":true,"href":"https:\/\/erbeticino.ch\/de\/wp-json\/wp\/v2\/comments?post=16581"}],"wp:featuredmedia":[{"embeddable":true,"href":"https:\/\/erbeticino.ch\/de\/wp-json\/wp\/v2\/media\/16470"}],"wp:attachment":[{"href":"https:\/\/erbeticino.ch\/de\/wp-json\/wp\/v2\/media?parent=16581"}],"wp:term":[{"taxonomy":"product_brand","embeddable":true,"href":"https:\/\/erbeticino.ch\/de\/wp-json\/wp\/v2\/product_brand?post=16581"},{"taxonomy":"product_cat","embeddable":true,"href":"https:\/\/erbeticino.ch\/de\/wp-json\/wp\/v2\/product_cat?post=16581"},{"taxonomy":"product_tag","embeddable":true,"href":"https:\/\/erbeticino.ch\/de\/wp-json\/wp\/v2\/product_tag?post=16581"}],"curies":[{"name":"wp","href":"https:\/\/api.w.org\/{rel}","templated":true}]}}