{"id":16816,"date":"2024-10-11T12:02:24","date_gmt":"2024-10-25T09:29:41","guid":{"rendered":"https:\/\/erbeticino.ch\/wellness-ritual\/"},"modified":"2024-10-25T11:29:41","modified_gmt":"2024-10-25T09:29:41","slug":"wellness-ritual","status":"publish","type":"product","link":"https:\/\/erbeticino.ch\/de\/wellness-ritual\/","title":{"rendered":"Wellness Ritual"},"content":{"rendered":"<p>Dank der praktischen Thermoskanne mit Filter k\u00f6nnen Sie Ihre eigenen Kr\u00e4utertees mit Blattschnitt direkt darin zubereiten. Perfekt als Geschenk f\u00fcr Kr\u00e4uterteeliebhaber. Enth\u00e4lt:<\/p>\n<ul>\n<li>Glas-Teekanne<\/li>\n<li>tisana delle alpi<\/li>\n<li>tisana relax<\/li>\n<\/ul>\n","protected":false},"excerpt":{"rendered":"<p>Dank der praktischen Thermoskanne mit Filter k\u00f6nnen Sie Ihre eigenen Kr\u00e4utertees mit Blattschnitt direkt darin zubereiten. Perfekt als Geschenk f\u00fcr Kr\u00e4uterteeliebhaber. Enth\u00e4lt: Glas-Teekanne tisana delle alpi tisana relax<\/p>\n","protected":false},"featured_media":16765,"comment_status":"closed","ping_status":"closed","template":"","meta":[],"product_brand":[],"product_cat":[390,166],"product_tag":[],"class_list":{"0":"post-16816","1":"product","2":"type-product","3":"status-publish","4":"has-post-thumbnail","6":"product_cat-angebote","7":"product_cat-krautertees","9":"first","10":"outofstock","11":"sale","12":"taxable","13":"shipping-taxable","14":"purchasable","15":"product-type-simple"},"_links":{"self":[{"href":"https:\/\/erbeticino.ch\/de\/wp-json\/wp\/v2\/product\/16816","targetHints":{"allow":["GET"]}}],"collection":[{"href":"https:\/\/erbeticino.ch\/de\/wp-json\/wp\/v2\/product"}],"about":[{"href":"https:\/\/erbeticino.ch\/de\/wp-json\/wp\/v2\/types\/product"}],"replies":[{"embeddable":true,"href":"https:\/\/erbeticino.ch\/de\/wp-json\/wp\/v2\/comments?post=16816"}],"wp:featuredmedia":[{"embeddable":true,"href":"https:\/\/erbeticino.ch\/de\/wp-json\/wp\/v2\/media\/16765"}],"wp:attachment":[{"href":"https:\/\/erbeticino.ch\/de\/wp-json\/wp\/v2\/media?parent=16816"}],"wp:term":[{"taxonomy":"product_brand","embeddable":true,"href":"https:\/\/erbeticino.ch\/de\/wp-json\/wp\/v2\/product_brand?post=16816"},{"taxonomy":"product_cat","embeddable":true,"href":"https:\/\/erbeticino.ch\/de\/wp-json\/wp\/v2\/product_cat?post=16816"},{"taxonomy":"product_tag","embeddable":true,"href":"https:\/\/erbeticino.ch\/de\/wp-json\/wp\/v2\/product_tag?post=16816"}],"curies":[{"name":"wp","href":"https:\/\/api.w.org\/{rel}","templated":true}]}}