{"id":16822,"date":"2024-10-24T15:42:39","date_gmt":"2024-10-25T11:39:08","guid":{"rendered":"https:\/\/erbeticino.ch\/handgemachte-kerze-thymian\/"},"modified":"2024-10-29T09:55:32","modified_gmt":"2024-10-29T08:55:32","slug":"handgemachte-kerze-thymian","status":"publish","type":"product","link":"https:\/\/erbeticino.ch\/de\/handgemachte-kerze-thymian\/","title":{"rendered":"Handgemachte Kerze &#8211; Thymian"},"content":{"rendered":"<p>100% nat\u00fcrliche Kerze auf Basis von GMO-freiem Soja\u00f6l und mit nat\u00fcrlichen Baumwoll und Leinendochten.<\/p>\n<p>Frei von giftigen und krebserregenden Substanzen, respektiert die Gesundheit und die Umwelt.<\/p>\n<p>Duft von Thymian.<\/p>\n<p>HANDMADE IN SWISS<\/p>\n","protected":false},"excerpt":{"rendered":"<p>100% nat\u00fcrliche Kerze auf Basis von GMO-freiem Soja\u00f6l und mit nat\u00fcrlichen Baumwoll und Leinendochten. Frei von giftigen und krebserregenden Substanzen, respektiert die Gesundheit und die Umwelt. Duft von Thymian. HANDMADE IN SWISS<\/p>\n","protected":false},"featured_media":17237,"comment_status":"closed","ping_status":"closed","template":"","meta":[],"product_brand":[],"product_cat":[89,133],"product_tag":[396],"class_list":{"0":"post-16822","1":"product","2":"type-product","3":"status-publish","4":"has-post-thumbnail","6":"product_cat-geschenkideen","7":"product_cat-zubehor","8":"product_tag-natale24-de","10":"first","11":"instock","12":"taxable","13":"shipping-taxable","14":"purchasable","15":"product-type-simple"},"_links":{"self":[{"href":"https:\/\/erbeticino.ch\/de\/wp-json\/wp\/v2\/product\/16822","targetHints":{"allow":["GET"]}}],"collection":[{"href":"https:\/\/erbeticino.ch\/de\/wp-json\/wp\/v2\/product"}],"about":[{"href":"https:\/\/erbeticino.ch\/de\/wp-json\/wp\/v2\/types\/product"}],"replies":[{"embeddable":true,"href":"https:\/\/erbeticino.ch\/de\/wp-json\/wp\/v2\/comments?post=16822"}],"wp:featuredmedia":[{"embeddable":true,"href":"https:\/\/erbeticino.ch\/de\/wp-json\/wp\/v2\/media\/17237"}],"wp:attachment":[{"href":"https:\/\/erbeticino.ch\/de\/wp-json\/wp\/v2\/media?parent=16822"}],"wp:term":[{"taxonomy":"product_brand","embeddable":true,"href":"https:\/\/erbeticino.ch\/de\/wp-json\/wp\/v2\/product_brand?post=16822"},{"taxonomy":"product_cat","embeddable":true,"href":"https:\/\/erbeticino.ch\/de\/wp-json\/wp\/v2\/product_cat?post=16822"},{"taxonomy":"product_tag","embeddable":true,"href":"https:\/\/erbeticino.ch\/de\/wp-json\/wp\/v2\/product_tag?post=16822"}],"curies":[{"name":"wp","href":"https:\/\/api.w.org\/{rel}","templated":true}]}}