{"id":16825,"date":"2024-10-11T12:11:37","date_gmt":"2024-10-11T10:11:37","guid":{"rendered":"https:\/\/erbeticino.ch\/olivone-fan-pack\/"},"modified":"2024-10-28T09:51:37","modified_gmt":"2024-10-28T08:51:37","slug":"olivone-fan-pack","status":"publish","type":"product","link":"https:\/\/erbeticino.ch\/de\/olivone-fan-pack\/","title":{"rendered":"Olivone fan pack"},"content":{"rendered":"<p>Geniessen Sie den vollen Geschmack von Olivone Kr\u00e4utertee zu einem Sonderpreis. Enth\u00e4lt:<\/p>\n<ul>\n<li>4 Olivone Kr\u00e4utertee<\/li>\n<\/ul>\n","protected":false},"excerpt":{"rendered":"<p>Geniessen Sie den vollen Geschmack von Olivone Kr\u00e4utertee zu einem Sonderpreis. Enth\u00e4lt: 4 Olivone Kr\u00e4utertee<\/p>\n","protected":false},"featured_media":16777,"comment_status":"closed","ping_status":"closed","template":"","meta":[],"product_brand":[],"product_cat":[390,166],"product_tag":[],"class_list":{"0":"post-16825","1":"product","2":"type-product","3":"status-publish","4":"has-post-thumbnail","6":"product_cat-angebote","7":"product_cat-krautertees","9":"first","10":"outofstock","11":"sale","12":"taxable","13":"shipping-taxable","14":"purchasable","15":"product-type-simple"},"_links":{"self":[{"href":"https:\/\/erbeticino.ch\/de\/wp-json\/wp\/v2\/product\/16825","targetHints":{"allow":["GET"]}}],"collection":[{"href":"https:\/\/erbeticino.ch\/de\/wp-json\/wp\/v2\/product"}],"about":[{"href":"https:\/\/erbeticino.ch\/de\/wp-json\/wp\/v2\/types\/product"}],"replies":[{"embeddable":true,"href":"https:\/\/erbeticino.ch\/de\/wp-json\/wp\/v2\/comments?post=16825"}],"wp:featuredmedia":[{"embeddable":true,"href":"https:\/\/erbeticino.ch\/de\/wp-json\/wp\/v2\/media\/16777"}],"wp:attachment":[{"href":"https:\/\/erbeticino.ch\/de\/wp-json\/wp\/v2\/media?parent=16825"}],"wp:term":[{"taxonomy":"product_brand","embeddable":true,"href":"https:\/\/erbeticino.ch\/de\/wp-json\/wp\/v2\/product_brand?post=16825"},{"taxonomy":"product_cat","embeddable":true,"href":"https:\/\/erbeticino.ch\/de\/wp-json\/wp\/v2\/product_cat?post=16825"},{"taxonomy":"product_tag","embeddable":true,"href":"https:\/\/erbeticino.ch\/de\/wp-json\/wp\/v2\/product_tag?post=16825"}],"curies":[{"name":"wp","href":"https:\/\/api.w.org\/{rel}","templated":true}]}}