{"id":16900,"date":"2024-10-29T08:11:44","date_gmt":"2024-10-29T07:11:44","guid":{"rendered":"https:\/\/erbeticino.ch\/?post_type=product&#038;p=16900"},"modified":"2025-10-30T14:29:41","modified_gmt":"2025-10-30T13:29:41","slug":"kueche-und-leidenschaften","status":"publish","type":"product","link":"https:\/\/erbeticino.ch\/de\/kueche-und-leidenschaften\/","title":{"rendered":"K\u00fcche und Leidenschaften"},"content":{"rendered":"<p class=\"cvGsUA direction-ltr align-start para-style-body\"><span class=\"OYPEnA font-feature-liga-off font-feature-clig-off font-feature-calt-off text-decoration-none text-strikethrough-none\">Ein besonderes Geschenk f\u00fcr alle, die regionale Aromen und lokale Traditionen lieben.<\/span><\/p>\n<p class=\"cvGsUA direction-ltr align-start para-style-body\"><span class=\"OYPEnA font-feature-liga-off font-feature-clig-off font-feature-calt-off text-decoration-none text-strikethrough-none\">innen:<\/span><\/p>\n<p class=\"cvGsUA direction-ltr align-start para-style-body\"><span class=\"OYPEnA font-feature-liga-off font-feature-clig-off font-feature-calt-off text-decoration-none text-strikethrough-none\"> <span class=\"fontstyle0\">Holzschneidebrett, Weinessig, Peperonicreme, Bl\u00fctenmischung, Kr\u00e4utermischung, graues Salz und milde Peperonicreme.<\/span> <\/span><\/p>\n","protected":false},"excerpt":{"rendered":"<p>Ein besonderes Geschenk f\u00fcr alle, die regionale Aromen und lokale Traditionen lieben. innen: Holzschneidebrett, Weinessig, Peperonicreme, Bl\u00fctenmischung, Kr\u00e4utermischung, graues Salz und milde Peperonicreme.<\/p>\n","protected":false},"featured_media":18817,"comment_status":"closed","ping_status":"closed","template":"","meta":[],"product_brand":[],"product_cat":[133,89],"product_tag":[402],"class_list":{"0":"post-16900","1":"product","2":"type-product","3":"status-publish","4":"has-post-thumbnail","6":"product_cat-zubehor","7":"product_cat-geschenkideen","8":"product_tag-weihnachten25","10":"first","11":"outofstock","12":"taxable","13":"shipping-taxable","14":"purchasable","15":"product-type-simple"},"_links":{"self":[{"href":"https:\/\/erbeticino.ch\/de\/wp-json\/wp\/v2\/product\/16900","targetHints":{"allow":["GET"]}}],"collection":[{"href":"https:\/\/erbeticino.ch\/de\/wp-json\/wp\/v2\/product"}],"about":[{"href":"https:\/\/erbeticino.ch\/de\/wp-json\/wp\/v2\/types\/product"}],"replies":[{"embeddable":true,"href":"https:\/\/erbeticino.ch\/de\/wp-json\/wp\/v2\/comments?post=16900"}],"wp:featuredmedia":[{"embeddable":true,"href":"https:\/\/erbeticino.ch\/de\/wp-json\/wp\/v2\/media\/18817"}],"wp:attachment":[{"href":"https:\/\/erbeticino.ch\/de\/wp-json\/wp\/v2\/media?parent=16900"}],"wp:term":[{"taxonomy":"product_brand","embeddable":true,"href":"https:\/\/erbeticino.ch\/de\/wp-json\/wp\/v2\/product_brand?post=16900"},{"taxonomy":"product_cat","embeddable":true,"href":"https:\/\/erbeticino.ch\/de\/wp-json\/wp\/v2\/product_cat?post=16900"},{"taxonomy":"product_tag","embeddable":true,"href":"https:\/\/erbeticino.ch\/de\/wp-json\/wp\/v2\/product_tag?post=16900"}],"curies":[{"name":"wp","href":"https:\/\/api.w.org\/{rel}","templated":true}]}}