{"id":16916,"date":"2024-10-29T08:44:01","date_gmt":"2024-10-29T07:44:01","guid":{"rendered":"https:\/\/erbeticino.ch\/?post_type=product&#038;p=16916"},"modified":"2025-10-30T09:50:29","modified_gmt":"2025-10-30T08:50:29","slug":"zeit-fuer-kraeutertee","status":"publish","type":"product","link":"https:\/\/erbeticino.ch\/de\/zeit-fuer-kraeutertee\/","title":{"rendered":"Zeit f\u00fcr Kr\u00e4utertee"},"content":{"rendered":"<p class=\"cvGsUA direction-ltr align-start para-style-body\"><span class=\"OYPEnA font-feature-liga-off font-feature-clig-off font-feature-calt-off text-decoration-none text-strikethrough-none\">Die \u201eHerbal Tea Time\u201c-Box ist perfekt, um abzuschalten und einen hei\u00dfen Kr\u00e4utertee in Kombination mit handwerklich hergestellten Keksen zu genie\u00dfen. Eine unverzichtbare Kombination, um den wahren Geist der Weihnachtszeit zu genie\u00dfen.<\/span><\/p>\n<p class=\"cvGsUA direction-ltr align-start para-style-body\"><span class=\"OYPEnA font-feature-liga-off font-feature-clig-off font-feature-calt-off text-decoration-none text-strikethrough-none\">Im Inneren finden Sie: Glastermos, Glastasse, Weihnachtstee, Handcreme und Honig.<br \/>\n<\/span><\/p>\n<p>&nbsp;<\/p>\n<p><strong>ACHTUNG<\/strong><\/p>\n<p>Der Versand der folgenden Produkte ist ab dem 15. November 2025 verf\u00fcgbar.<\/p>\n<ul>\n<li>Bestellungen, die diese Artikel enthalten, werden ab diesem Datum bearbeitet und versandt.<\/li>\n<li>Wenn Sie diese Produkte zusammen mit anderen bereits verf\u00fcgbaren Artikeln in Ihren Warenkorb legen, weisen wir Sie darauf hin, dass sie als <strong>eine einzige Bestellung<\/strong> behandelt werden, <strong>die ab dem Verf\u00fcgbarkeitsdatum<\/strong> dieser Produkte bearbeitet und versandt wird.<\/li>\n<\/ul>\n","protected":false},"excerpt":{"rendered":"<p>Die \u201eHerbal Tea Time\u201c-Box ist perfekt, um abzuschalten und einen hei\u00dfen Kr\u00e4utertee in Kombination mit handwerklich hergestellten Keksen zu genie\u00dfen. Eine unverzichtbare Kombination, um den wahren Geist der Weihnachtszeit zu genie\u00dfen. Im Inneren finden Sie: Glastermos, Glastasse, Weihnachtstee, Handcreme und Honig. &nbsp; ACHTUNG Der Versand der folgenden Produkte ist ab dem 15. November 2025 verf\u00fcgbar. [&hellip;]<\/p>\n","protected":false},"featured_media":18825,"comment_status":"closed","ping_status":"closed","template":"","meta":[],"product_brand":[],"product_cat":[89],"product_tag":[402],"class_list":{"0":"post-16916","1":"product","2":"type-product","3":"status-publish","4":"has-post-thumbnail","6":"product_cat-geschenkideen","7":"product_tag-weihnachten25","9":"first","10":"outofstock","11":"taxable","12":"shipping-taxable","13":"purchasable","14":"product-type-simple"},"_links":{"self":[{"href":"https:\/\/erbeticino.ch\/de\/wp-json\/wp\/v2\/product\/16916","targetHints":{"allow":["GET"]}}],"collection":[{"href":"https:\/\/erbeticino.ch\/de\/wp-json\/wp\/v2\/product"}],"about":[{"href":"https:\/\/erbeticino.ch\/de\/wp-json\/wp\/v2\/types\/product"}],"replies":[{"embeddable":true,"href":"https:\/\/erbeticino.ch\/de\/wp-json\/wp\/v2\/comments?post=16916"}],"wp:featuredmedia":[{"embeddable":true,"href":"https:\/\/erbeticino.ch\/de\/wp-json\/wp\/v2\/media\/18825"}],"wp:attachment":[{"href":"https:\/\/erbeticino.ch\/de\/wp-json\/wp\/v2\/media?parent=16916"}],"wp:term":[{"taxonomy":"product_brand","embeddable":true,"href":"https:\/\/erbeticino.ch\/de\/wp-json\/wp\/v2\/product_brand?post=16916"},{"taxonomy":"product_cat","embeddable":true,"href":"https:\/\/erbeticino.ch\/de\/wp-json\/wp\/v2\/product_cat?post=16916"},{"taxonomy":"product_tag","embeddable":true,"href":"https:\/\/erbeticino.ch\/de\/wp-json\/wp\/v2\/product_tag?post=16916"}],"curies":[{"name":"wp","href":"https:\/\/api.w.org\/{rel}","templated":true}]}}