{"id":16920,"date":"2024-10-29T08:45:19","date_gmt":"2024-10-29T07:45:19","guid":{"rendered":"https:\/\/erbeticino.ch\/?post_type=product&#038;p=16920"},"modified":"2025-10-30T09:11:32","modified_gmt":"2025-10-30T08:11:32","slug":"der-aperitif-2","status":"publish","type":"product","link":"https:\/\/erbeticino.ch\/de\/der-aperitif-2\/","title":{"rendered":"Der Aperitif"},"content":{"rendered":"<p class=\"cvGsUA direction-ltr align-start para-style-body\"><span class=\"OYPEnA font-feature-liga-off font-feature-clig-off font-feature-calt-off text-decoration-none text-strikethrough-none\">Alle Aromen unserer heimischen Kr\u00e4uter kombiniert mit handwerklichen und lokalen Produkten f\u00fcr eine perfekte Kombination.<\/span><\/p>\n<p class=\"cvGsUA direction-ltr align-justify para-style-body\"><span class=\"OYPEnA font-feature-liga-off font-feature-clig-off font-feature-calt-off text-decoration-none text-strikethrough-none\">Im Inneren finden Sie: <\/span><\/p>\n<p class=\"cvGsUA direction-ltr align-justify para-style-body\"><span class=\"OYPEnA font-feature-liga-off font-feature-clig-off font-feature-calt-off text-decoration-none text-strikethrough-none\"><span class=\"fontstyle0\">2x Tisana Olivone 33cl, milde Peperonicreme, Kr\u00e4utermischung, feines Salz mit aromatischen Kr\u00e4utern und Bl\u00fcten (180g) und eine Tafel Schokolade.<\/span><br \/>\n<\/span><\/p>\n<p>&nbsp;<\/p>\n<p><strong>ACHTUNG<\/strong><\/p>\n<p>Der Versand der folgenden Produkte ist ab dem 15 November 2025 verf\u00fcgbar.<\/p>\n<ul>\n<li>Bestellungen, die diese Artikel enthalten, werden ab diesem Datum bearbeitet und versandt.<\/li>\n<li>Wenn Sie diese Produkte zusammen mit anderen bereits verf\u00fcgbaren Artikeln in Ihren Warenkorb legen, weisen wir Sie darauf hin, dass sie als <strong>eine einzige Bestellung<\/strong> behandelt werden, <strong>die ab dem Verf\u00fcgbarkeitsdatum<\/strong> dieser Produkte bearbeitet und versandt wird.<\/li>\n<\/ul>\n","protected":false},"excerpt":{"rendered":"<p>Alle Aromen unserer heimischen Kr\u00e4uter kombiniert mit handwerklichen und lokalen Produkten f\u00fcr eine perfekte Kombination. Im Inneren finden Sie: 2x Tisana Olivone 33cl, milde Peperonicreme, Kr\u00e4utermischung, feines Salz mit aromatischen Kr\u00e4utern und Bl\u00fcten (180g) und eine Tafel Schokolade. &nbsp; ACHTUNG Der Versand der folgenden Produkte ist ab dem 15 November 2025 verf\u00fcgbar. Bestellungen, die diese [&hellip;]<\/p>\n","protected":false},"featured_media":18804,"comment_status":"closed","ping_status":"closed","template":"","meta":[],"product_brand":[],"product_cat":[133,89],"product_tag":[402],"class_list":{"0":"post-16920","1":"product","2":"type-product","3":"status-publish","4":"has-post-thumbnail","6":"product_cat-zubehor","7":"product_cat-geschenkideen","8":"product_tag-weihnachten25","10":"first","11":"outofstock","12":"taxable","13":"shipping-taxable","14":"purchasable","15":"product-type-simple"},"_links":{"self":[{"href":"https:\/\/erbeticino.ch\/de\/wp-json\/wp\/v2\/product\/16920","targetHints":{"allow":["GET"]}}],"collection":[{"href":"https:\/\/erbeticino.ch\/de\/wp-json\/wp\/v2\/product"}],"about":[{"href":"https:\/\/erbeticino.ch\/de\/wp-json\/wp\/v2\/types\/product"}],"replies":[{"embeddable":true,"href":"https:\/\/erbeticino.ch\/de\/wp-json\/wp\/v2\/comments?post=16920"}],"wp:featuredmedia":[{"embeddable":true,"href":"https:\/\/erbeticino.ch\/de\/wp-json\/wp\/v2\/media\/18804"}],"wp:attachment":[{"href":"https:\/\/erbeticino.ch\/de\/wp-json\/wp\/v2\/media?parent=16920"}],"wp:term":[{"taxonomy":"product_brand","embeddable":true,"href":"https:\/\/erbeticino.ch\/de\/wp-json\/wp\/v2\/product_brand?post=16920"},{"taxonomy":"product_cat","embeddable":true,"href":"https:\/\/erbeticino.ch\/de\/wp-json\/wp\/v2\/product_cat?post=16920"},{"taxonomy":"product_tag","embeddable":true,"href":"https:\/\/erbeticino.ch\/de\/wp-json\/wp\/v2\/product_tag?post=16920"}],"curies":[{"name":"wp","href":"https:\/\/api.w.org\/{rel}","templated":true}]}}