{"id":17669,"date":"2025-01-05T10:56:02","date_gmt":"2025-01-05T09:56:02","guid":{"rendered":"https:\/\/erbeticino.ch\/7x6-tisana-olivone-zero\/"},"modified":"2025-01-08T07:58:11","modified_gmt":"2025-01-08T06:58:11","slug":"7x6-tisana-olivone-zero","status":"publish","type":"product","link":"https:\/\/erbeticino.ch\/de\/7x6-tisana-olivone-zero\/","title":{"rendered":"7&#215;6 Tisana Olivone ZERO zucker"},"content":{"rendered":"<p>Das ideale Paket f\u00fcr einen Monat reines Gleichgewicht.<br \/>\nEnth\u00e4lt: 7 Sechserpackungen Olivone ZERO-Kr\u00e4utertee<\/p>\n","protected":false},"excerpt":{"rendered":"<p>Das ideale Paket f\u00fcr einen Monat reines Gleichgewicht. Enth\u00e4lt: 7 Sechserpackungen Olivone ZERO-Kr\u00e4utertee<\/p>\n","protected":false},"featured_media":17527,"comment_status":"closed","ping_status":"closed","template":"","meta":[],"product_brand":[],"product_cat":[390,106],"product_tag":[393],"class_list":{"0":"post-17669","1":"product","2":"type-product","3":"status-publish","4":"has-post-thumbnail","6":"product_cat-angebote","7":"product_cat-getranke","8":"product_tag-promopage-de","10":"first","11":"outofstock","12":"sale","13":"taxable","14":"shipping-taxable","15":"purchasable","16":"product-type-simple"},"_links":{"self":[{"href":"https:\/\/erbeticino.ch\/de\/wp-json\/wp\/v2\/product\/17669","targetHints":{"allow":["GET"]}}],"collection":[{"href":"https:\/\/erbeticino.ch\/de\/wp-json\/wp\/v2\/product"}],"about":[{"href":"https:\/\/erbeticino.ch\/de\/wp-json\/wp\/v2\/types\/product"}],"replies":[{"embeddable":true,"href":"https:\/\/erbeticino.ch\/de\/wp-json\/wp\/v2\/comments?post=17669"}],"wp:featuredmedia":[{"embeddable":true,"href":"https:\/\/erbeticino.ch\/de\/wp-json\/wp\/v2\/media\/17527"}],"wp:attachment":[{"href":"https:\/\/erbeticino.ch\/de\/wp-json\/wp\/v2\/media?parent=17669"}],"wp:term":[{"taxonomy":"product_brand","embeddable":true,"href":"https:\/\/erbeticino.ch\/de\/wp-json\/wp\/v2\/product_brand?post=17669"},{"taxonomy":"product_cat","embeddable":true,"href":"https:\/\/erbeticino.ch\/de\/wp-json\/wp\/v2\/product_cat?post=17669"},{"taxonomy":"product_tag","embeddable":true,"href":"https:\/\/erbeticino.ch\/de\/wp-json\/wp\/v2\/product_tag?post=17669"}],"curies":[{"name":"wp","href":"https:\/\/api.w.org\/{rel}","templated":true}]}}