{"id":17671,"date":"2025-01-04T04:05:26","date_gmt":"2025-01-04T03:05:26","guid":{"rendered":"https:\/\/erbeticino.ch\/combo-hydration\/"},"modified":"2025-01-08T07:59:42","modified_gmt":"2025-01-08T06:59:42","slug":"combo-hydration","status":"publish","type":"product","link":"https:\/\/erbeticino.ch\/de\/combo-hydration\/","title":{"rendered":"Hydration Combo"},"content":{"rendered":"<p>Ein Set, das darauf ausgelegt ist, Sie zu hydratisieren und zu entschlacken &#8211; eine Pause, die Ihr K\u00f6rper lieben wird.<br \/>\nenth\u00e4lt: Motivierende Wasserflasche, 2&#215;6 Olivone ZERO Kr\u00e4utertee<\/p>\n","protected":false},"excerpt":{"rendered":"<p>Ein Set, das darauf ausgelegt ist, Sie zu hydratisieren und zu entschlacken &#8211; eine Pause, die Ihr K\u00f6rper lieben wird. enth\u00e4lt: Motivierende Wasserflasche, 2&#215;6 Olivone ZERO Kr\u00e4utertee<\/p>\n","protected":false},"featured_media":17523,"comment_status":"closed","ping_status":"closed","template":"","meta":[],"product_brand":[],"product_cat":[390,106],"product_tag":[393],"class_list":{"0":"post-17671","1":"product","2":"type-product","3":"status-publish","4":"has-post-thumbnail","6":"product_cat-angebote","7":"product_cat-getranke","8":"product_tag-promopage-de","10":"first","11":"outofstock","12":"sale","13":"taxable","14":"shipping-taxable","15":"purchasable","16":"product-type-simple"},"_links":{"self":[{"href":"https:\/\/erbeticino.ch\/de\/wp-json\/wp\/v2\/product\/17671","targetHints":{"allow":["GET"]}}],"collection":[{"href":"https:\/\/erbeticino.ch\/de\/wp-json\/wp\/v2\/product"}],"about":[{"href":"https:\/\/erbeticino.ch\/de\/wp-json\/wp\/v2\/types\/product"}],"replies":[{"embeddable":true,"href":"https:\/\/erbeticino.ch\/de\/wp-json\/wp\/v2\/comments?post=17671"}],"wp:featuredmedia":[{"embeddable":true,"href":"https:\/\/erbeticino.ch\/de\/wp-json\/wp\/v2\/media\/17523"}],"wp:attachment":[{"href":"https:\/\/erbeticino.ch\/de\/wp-json\/wp\/v2\/media?parent=17671"}],"wp:term":[{"taxonomy":"product_brand","embeddable":true,"href":"https:\/\/erbeticino.ch\/de\/wp-json\/wp\/v2\/product_brand?post=17671"},{"taxonomy":"product_cat","embeddable":true,"href":"https:\/\/erbeticino.ch\/de\/wp-json\/wp\/v2\/product_cat?post=17671"},{"taxonomy":"product_tag","embeddable":true,"href":"https:\/\/erbeticino.ch\/de\/wp-json\/wp\/v2\/product_tag?post=17671"}],"curies":[{"name":"wp","href":"https:\/\/api.w.org\/{rel}","templated":true}]}}