{"id":17673,"date":"2025-01-04T03:55:19","date_gmt":"2025-01-04T02:55:19","guid":{"rendered":"https:\/\/erbeticino.ch\/healthy-2025\/"},"modified":"2025-01-08T08:32:51","modified_gmt":"2025-01-08T07:32:51","slug":"healthy-2025","status":"publish","type":"product","link":"https:\/\/erbeticino.ch\/de\/healthy-2025\/","title":{"rendered":"Healthy 2025"},"content":{"rendered":"<p>Beginnen Sie das Jahr mit dem richtigen Fu\u00df! Produkte, die Sie auf einem Weg des Wohlbefindens und der Leichtigkeit begleiten.<\/p>\n<p>enth\u00e4lt: Motivations-Wasserflasche, Alpenkr\u00e4utertee, Infusor, Olivone-Kr\u00e4utertee, SOALP-Lippenbalsam, 3x Olivone ZERO-Kr\u00e4utertee<\/p>\n","protected":false},"excerpt":{"rendered":"<p>Beginnen Sie das Jahr mit dem richtigen Fu\u00df! Produkte, die Sie auf einem Weg des Wohlbefindens und der Leichtigkeit begleiten. enth\u00e4lt: Motivations-Wasserflasche, Alpenkr\u00e4utertee, Infusor, Olivone-Kr\u00e4utertee, SOALP-Lippenbalsam, 3x Olivone ZERO-Kr\u00e4utertee<\/p>\n","protected":false},"featured_media":17518,"comment_status":"closed","ping_status":"closed","template":"","meta":[],"product_brand":[],"product_cat":[390,89,166],"product_tag":[393],"class_list":{"0":"post-17673","1":"product","2":"type-product","3":"status-publish","4":"has-post-thumbnail","6":"product_cat-angebote","7":"product_cat-geschenkideen","8":"product_cat-krautertees","9":"product_tag-promopage-de","11":"first","12":"outofstock","13":"sale","14":"taxable","15":"shipping-taxable","16":"purchasable","17":"product-type-simple"},"_links":{"self":[{"href":"https:\/\/erbeticino.ch\/de\/wp-json\/wp\/v2\/product\/17673","targetHints":{"allow":["GET"]}}],"collection":[{"href":"https:\/\/erbeticino.ch\/de\/wp-json\/wp\/v2\/product"}],"about":[{"href":"https:\/\/erbeticino.ch\/de\/wp-json\/wp\/v2\/types\/product"}],"replies":[{"embeddable":true,"href":"https:\/\/erbeticino.ch\/de\/wp-json\/wp\/v2\/comments?post=17673"}],"wp:featuredmedia":[{"embeddable":true,"href":"https:\/\/erbeticino.ch\/de\/wp-json\/wp\/v2\/media\/17518"}],"wp:attachment":[{"href":"https:\/\/erbeticino.ch\/de\/wp-json\/wp\/v2\/media?parent=17673"}],"wp:term":[{"taxonomy":"product_brand","embeddable":true,"href":"https:\/\/erbeticino.ch\/de\/wp-json\/wp\/v2\/product_brand?post=17673"},{"taxonomy":"product_cat","embeddable":true,"href":"https:\/\/erbeticino.ch\/de\/wp-json\/wp\/v2\/product_cat?post=17673"},{"taxonomy":"product_tag","embeddable":true,"href":"https:\/\/erbeticino.ch\/de\/wp-json\/wp\/v2\/product_tag?post=17673"}],"curies":[{"name":"wp","href":"https:\/\/api.w.org\/{rel}","templated":true}]}}