{"id":17674,"date":"2025-01-04T03:46:25","date_gmt":"2025-01-04T02:46:25","guid":{"rendered":"https:\/\/erbeticino.ch\/essenziale-quotidiano\/"},"modified":"2025-01-08T08:43:29","modified_gmt":"2025-01-08T07:43:29","slug":"essenziale-quotidiano","status":"publish","type":"product","link":"https:\/\/erbeticino.ch\/de\/essenziale-quotidiano\/","title":{"rendered":"T\u00e4gliches Wesentliches"},"content":{"rendered":"<p>Ihre t\u00e4glichen Verb\u00fcndeten in einem Paket. F\u00fcr st\u00e4ndiges Wohlbefinden ohne Verzicht.<\/p>\n<p>enth\u00e4lt: Motivations-Wasserflasche, SOALP-Handcreme, Olivone-Kr\u00e4utertee, Monte Generoso-Kr\u00e4utertee, Kr\u00e4utermischung, 3xOlivone ZERO-Kr\u00e4utertee<\/p>\n","protected":false},"excerpt":{"rendered":"<p>Ihre t\u00e4glichen Verb\u00fcndeten in einem Paket. F\u00fcr st\u00e4ndiges Wohlbefinden ohne Verzicht. enth\u00e4lt: Motivations-Wasserflasche, SOALP-Handcreme, Olivone-Kr\u00e4utertee, Monte Generoso-Kr\u00e4utertee, Kr\u00e4utermischung, 3xOlivone ZERO-Kr\u00e4utertee<\/p>\n","protected":false},"featured_media":17508,"comment_status":"closed","ping_status":"closed","template":"","meta":[],"product_brand":[],"product_cat":[390,89,166],"product_tag":[393],"class_list":{"0":"post-17674","1":"product","2":"type-product","3":"status-publish","4":"has-post-thumbnail","6":"product_cat-angebote","7":"product_cat-geschenkideen","8":"product_cat-krautertees","9":"product_tag-promopage-de","11":"first","12":"outofstock","13":"sale","14":"taxable","15":"shipping-taxable","16":"purchasable","17":"product-type-simple"},"_links":{"self":[{"href":"https:\/\/erbeticino.ch\/de\/wp-json\/wp\/v2\/product\/17674","targetHints":{"allow":["GET"]}}],"collection":[{"href":"https:\/\/erbeticino.ch\/de\/wp-json\/wp\/v2\/product"}],"about":[{"href":"https:\/\/erbeticino.ch\/de\/wp-json\/wp\/v2\/types\/product"}],"replies":[{"embeddable":true,"href":"https:\/\/erbeticino.ch\/de\/wp-json\/wp\/v2\/comments?post=17674"}],"wp:featuredmedia":[{"embeddable":true,"href":"https:\/\/erbeticino.ch\/de\/wp-json\/wp\/v2\/media\/17508"}],"wp:attachment":[{"href":"https:\/\/erbeticino.ch\/de\/wp-json\/wp\/v2\/media?parent=17674"}],"wp:term":[{"taxonomy":"product_brand","embeddable":true,"href":"https:\/\/erbeticino.ch\/de\/wp-json\/wp\/v2\/product_brand?post=17674"},{"taxonomy":"product_cat","embeddable":true,"href":"https:\/\/erbeticino.ch\/de\/wp-json\/wp\/v2\/product_cat?post=17674"},{"taxonomy":"product_tag","embeddable":true,"href":"https:\/\/erbeticino.ch\/de\/wp-json\/wp\/v2\/product_tag?post=17674"}],"curies":[{"name":"wp","href":"https:\/\/api.w.org\/{rel}","templated":true}]}}