{"id":17676,"date":"2025-01-04T03:42:47","date_gmt":"2025-01-08T07:44:21","guid":{"rendered":"https:\/\/erbeticino.ch\/natuerliche-wiedergeburt\/"},"modified":"2025-01-08T08:44:21","modified_gmt":"2025-01-08T07:44:21","slug":"natuerliche-wiedergeburt","status":"publish","type":"product","link":"https:\/\/erbeticino.ch\/de\/natuerliche-wiedergeburt\/","title":{"rendered":"Nat\u00fcrliche Wiedergeburt"},"content":{"rendered":"<p>Eine Kombination von Naturprodukten f\u00fcr eine vollst\u00e4ndige Wiedergeburt: Reinigen Sie Ihren Organismus und entdecken Sie Ihr Wohlbefinden wieder.<br \/>\nEnth\u00e4lt: Alpenkr\u00e4utertee, Monte Generoso-Kr\u00e4utertee, Relax-Kr\u00e4utertee, Tessiner Bio-Honig, Olivone-Kr\u00e4utertee, Aufgussbeutel.<\/p>\n","protected":false},"excerpt":{"rendered":"<p>Eine Kombination von Naturprodukten f\u00fcr eine vollst\u00e4ndige Wiedergeburt: Reinigen Sie Ihren Organismus und entdecken Sie Ihr Wohlbefinden wieder. Enth\u00e4lt: Alpenkr\u00e4utertee, Monte Generoso-Kr\u00e4utertee, Relax-Kr\u00e4utertee, Tessiner Bio-Honig, Olivone-Kr\u00e4utertee, Aufgussbeutel.<\/p>\n","protected":false},"featured_media":17503,"comment_status":"closed","ping_status":"closed","template":"","meta":[],"product_brand":[],"product_cat":[390,89,166],"product_tag":[393],"class_list":{"0":"post-17676","1":"product","2":"type-product","3":"status-publish","4":"has-post-thumbnail","6":"product_cat-angebote","7":"product_cat-geschenkideen","8":"product_cat-krautertees","9":"product_tag-promopage-de","11":"first","12":"outofstock","13":"sale","14":"taxable","15":"shipping-taxable","16":"purchasable","17":"product-type-simple"},"_links":{"self":[{"href":"https:\/\/erbeticino.ch\/de\/wp-json\/wp\/v2\/product\/17676","targetHints":{"allow":["GET"]}}],"collection":[{"href":"https:\/\/erbeticino.ch\/de\/wp-json\/wp\/v2\/product"}],"about":[{"href":"https:\/\/erbeticino.ch\/de\/wp-json\/wp\/v2\/types\/product"}],"replies":[{"embeddable":true,"href":"https:\/\/erbeticino.ch\/de\/wp-json\/wp\/v2\/comments?post=17676"}],"wp:featuredmedia":[{"embeddable":true,"href":"https:\/\/erbeticino.ch\/de\/wp-json\/wp\/v2\/media\/17503"}],"wp:attachment":[{"href":"https:\/\/erbeticino.ch\/de\/wp-json\/wp\/v2\/media?parent=17676"}],"wp:term":[{"taxonomy":"product_brand","embeddable":true,"href":"https:\/\/erbeticino.ch\/de\/wp-json\/wp\/v2\/product_brand?post=17676"},{"taxonomy":"product_cat","embeddable":true,"href":"https:\/\/erbeticino.ch\/de\/wp-json\/wp\/v2\/product_cat?post=17676"},{"taxonomy":"product_tag","embeddable":true,"href":"https:\/\/erbeticino.ch\/de\/wp-json\/wp\/v2\/product_tag?post=17676"}],"curies":[{"name":"wp","href":"https:\/\/api.w.org\/{rel}","templated":true}]}}