{"id":18195,"date":"2025-05-20T10:58:53","date_gmt":"2025-05-20T08:58:53","guid":{"rendered":"https:\/\/erbeticino.ch\/triobox-tessiner-kantonal-schwingfest\/"},"modified":"2025-05-26T15:36:46","modified_gmt":"2025-05-26T13:36:46","slug":"triobox-tessiner-kantonal-schwingfest","status":"publish","type":"product","link":"https:\/\/erbeticino.ch\/de\/triobox-tessiner-kantonal-schwingfest\/","title":{"rendered":"Triobox &#8211; Tessiner Kantonal Schwingfest"},"content":{"rendered":"<p class=\"\" data-start=\"195\" data-end=\"242\"><strong data-start=\"195\" data-end=\"242\">Traditionen unterst\u00fctzen <\/strong><\/p>\n<p class=\"\" data-start=\"244\" data-end=\"475\">Anl\u00e4sslich des <strong data-start=\"263\" data-end=\"300\">Tessiner Kantonal Schwingfest<\/strong>, Erbe Ticino feiert die Wurzeln unserer Region mit einem <strong data-start=\"361\" data-end=\"393\">Triobox<\/strong>, die einem der authentischen Ausdrucksformen der Schweizer Volkskultur gewidmet ist.<\/p>\n<p class=\"\" data-start=\"477\" data-end=\"722\">Im Inneren den Schachtel finden Sie: Tessiner Chili, Kr\u00e4utermischung und Salz mit Kr\u00e4uter und Blumen. <\/p>\n<p class=\"\" data-start=\"724\" data-end=\"1000\">Mit der Kauf dieser Triobox <strong data-start=\"815\" data-end=\"883\">unterst\u00fctzen Sie den Tessiner Schwingverbands<\/strong>:<br data-start=\"884\" data-end=\"887\"><strong data-start=\"890\" data-end=\"1000\">ein Teil der Erl\u00f6ses wird zur Unterst\u00fctzung der Aktivit\u00e4ten und der jungen Ringer in unserem Kanton gespendet.<\/strong><\/p>\n<p class=\"\" data-start=\"1002\" data-end=\"1126\">\ud83d\udce6 Limitierte Ausgabe<br data-start=\"1063\" data-end=\"1066\">\ud83e\udd1d F\u00fcr Alle, die das Tessin lieben<\/p>\n","protected":false},"excerpt":{"rendered":"<p>Traditionen unterst\u00fctzen Anl\u00e4sslich des Tessiner Kantonal Schwingfest, Erbe Ticino feiert die Wurzeln unserer Region mit einem Triobox, die einem der authentischen Ausdrucksformen der Schweizer Volkskultur gewidmet ist. Im Inneren den Schachtel finden Sie: Tessiner Chili, Kr\u00e4utermischung und Salz mit Kr\u00e4uter und Blumen. Mit der Kauf dieser Triobox unterst\u00fctzen Sie den Tessiner Schwingverbands:ein Teil der Erl\u00f6ses [&hellip;]<\/p>\n","protected":false},"featured_media":18190,"comment_status":"closed","ping_status":"closed","template":"","meta":[],"product_brand":[],"product_cat":[114,89],"product_tag":[],"class_list":{"0":"post-18195","1":"product","2":"type-product","3":"status-publish","4":"has-post-thumbnail","6":"product_cat-aromen-und-salz","7":"product_cat-geschenkideen","9":"first","10":"outofstock","11":"taxable","12":"shipping-taxable","13":"purchasable","14":"product-type-simple"},"_links":{"self":[{"href":"https:\/\/erbeticino.ch\/de\/wp-json\/wp\/v2\/product\/18195","targetHints":{"allow":["GET"]}}],"collection":[{"href":"https:\/\/erbeticino.ch\/de\/wp-json\/wp\/v2\/product"}],"about":[{"href":"https:\/\/erbeticino.ch\/de\/wp-json\/wp\/v2\/types\/product"}],"replies":[{"embeddable":true,"href":"https:\/\/erbeticino.ch\/de\/wp-json\/wp\/v2\/comments?post=18195"}],"wp:featuredmedia":[{"embeddable":true,"href":"https:\/\/erbeticino.ch\/de\/wp-json\/wp\/v2\/media\/18190"}],"wp:attachment":[{"href":"https:\/\/erbeticino.ch\/de\/wp-json\/wp\/v2\/media?parent=18195"}],"wp:term":[{"taxonomy":"product_brand","embeddable":true,"href":"https:\/\/erbeticino.ch\/de\/wp-json\/wp\/v2\/product_brand?post=18195"},{"taxonomy":"product_cat","embeddable":true,"href":"https:\/\/erbeticino.ch\/de\/wp-json\/wp\/v2\/product_cat?post=18195"},{"taxonomy":"product_tag","embeddable":true,"href":"https:\/\/erbeticino.ch\/de\/wp-json\/wp\/v2\/product_tag?post=18195"}],"curies":[{"name":"wp","href":"https:\/\/api.w.org\/{rel}","templated":true}]}}