{"id":18843,"date":"2025-10-28T11:06:08","date_gmt":"2025-10-28T10:06:08","guid":{"rendered":"https:\/\/erbeticino.ch\/adventskalender\/"},"modified":"2025-10-30T08:35:18","modified_gmt":"2025-10-30T07:35:18","slug":"adventskalender","status":"publish","type":"product","link":"https:\/\/erbeticino.ch\/de\/adventskalender\/","title":{"rendered":"Adventskalender"},"content":{"rendered":"<p><span class=\"fontstyle0\">Der Dezember vergeht immer viel zu schnell. Zwischen Terminen, Hektik und \u00fcberall leuchtenden Lichtern scheint keine Zeit mehr f\u00fcr sich selbst zu bleiben. <\/span><\/p>\n<p><span class=\"fontstyle0\">Dieser Adventskalender wurde geschaffen, um daran zu erinnern, innezuhalten.<\/span><\/p>\n<p>Hinter jedem Beutelchen verbirgt sich ein kleines t\u00e4gliches Ritual: ein wechselnder Duft, ein Kraut, das die Schweiz erz\u00e4hlt, ein Moment, den man in Ruhe genie\u00dfen kann.<\/p>\n<p><span class=\"fontstyle2\">Der Adventskalender, um die Freude an den kleinen Dingen wiederzufinden.<\/span><\/p>\n<p><span class=\"fontstyle0\">Vierundzwanzig Tage, um den authentischen Geschmack und die Sch\u00f6nheit kleiner \u00dcberraschungen neu zu entdecken, die jeden Morgen aufs Neue erfreuen.<\/span><\/p>\n<p><span class=\"fontstyle0\">Denn das Warten auf Weihnachten ist \u2013 wenn man es langsam genie\u00dft \u2013 bereits ein Geschenk.<\/span><\/p>\n<p>&nbsp;<\/p>\n<p><strong>ACHTUNG<\/strong><\/p>\n<p>Der Versand dieses Produkts ist ab dem 10. November 2025 verf\u00fcgbar.<\/p>\n<ul>\n<li>Bestellungen, die diese Artikel enthalten, werden ab diesem Datum bearbeitet und versandt.<\/li>\n<li>Wenn Sie diese Produkte zusammen mit anderen bereits verf\u00fcgbaren Artikeln in Ihren Warenkorb legen, weisen wir Sie darauf hin, dass sie als <strong>eine einzige Bestellung<\/strong> behandelt werden, <strong>die ab dem Verf\u00fcgbarkeitsdatum<\/strong> dieser Produkte bearbeitet und versandt wird.<\/li>\n<\/ul>\n","protected":false},"excerpt":{"rendered":"<p>Der Dezember vergeht immer viel zu schnell. Zwischen Terminen, Hektik und \u00fcberall leuchtenden Lichtern scheint keine Zeit mehr f\u00fcr sich selbst zu bleiben. Dieser Adventskalender wurde geschaffen, um daran zu erinnern, innezuhalten. Hinter jedem Beutelchen verbirgt sich ein kleines t\u00e4gliches Ritual: ein wechselnder Duft, ein Kraut, das die Schweiz erz\u00e4hlt, ein Moment, den man in [&hellip;]<\/p>\n","protected":false},"featured_media":18809,"comment_status":"closed","ping_status":"closed","template":"","meta":[],"product_brand":[],"product_cat":[89,166],"product_tag":[402],"class_list":{"0":"post-18843","1":"product","2":"type-product","3":"status-publish","4":"has-post-thumbnail","6":"product_cat-geschenkideen","7":"product_cat-krautertees","8":"product_tag-weihnachten25","10":"first","11":"outofstock","12":"sale","13":"taxable","14":"shipping-taxable","15":"purchasable","16":"product-type-simple"},"_links":{"self":[{"href":"https:\/\/erbeticino.ch\/de\/wp-json\/wp\/v2\/product\/18843","targetHints":{"allow":["GET"]}}],"collection":[{"href":"https:\/\/erbeticino.ch\/de\/wp-json\/wp\/v2\/product"}],"about":[{"href":"https:\/\/erbeticino.ch\/de\/wp-json\/wp\/v2\/types\/product"}],"replies":[{"embeddable":true,"href":"https:\/\/erbeticino.ch\/de\/wp-json\/wp\/v2\/comments?post=18843"}],"wp:featuredmedia":[{"embeddable":true,"href":"https:\/\/erbeticino.ch\/de\/wp-json\/wp\/v2\/media\/18809"}],"wp:attachment":[{"href":"https:\/\/erbeticino.ch\/de\/wp-json\/wp\/v2\/media?parent=18843"}],"wp:term":[{"taxonomy":"product_brand","embeddable":true,"href":"https:\/\/erbeticino.ch\/de\/wp-json\/wp\/v2\/product_brand?post=18843"},{"taxonomy":"product_cat","embeddable":true,"href":"https:\/\/erbeticino.ch\/de\/wp-json\/wp\/v2\/product_cat?post=18843"},{"taxonomy":"product_tag","embeddable":true,"href":"https:\/\/erbeticino.ch\/de\/wp-json\/wp\/v2\/product_tag?post=18843"}],"curies":[{"name":"wp","href":"https:\/\/api.w.org\/{rel}","templated":true}]}}