{"id":19403,"date":"2026-03-16T15:42:11","date_gmt":"2026-03-16T14:42:11","guid":{"rendered":"https:\/\/erbeticino.ch\/bio-familienkraeutertee-mit-minze-und-malve\/"},"modified":"2026-03-18T09:35:18","modified_gmt":"2026-03-18T08:35:18","slug":"bio-familienkraeutertee-mit-minze-und-malve","status":"publish","type":"product","link":"https:\/\/erbeticino.ch\/de\/bio-familienkraeutertee-mit-minze-und-malve\/","title":{"rendered":"Bio-Familienkr\u00e4utertee mit Minze und Malve"},"content":{"rendered":"<p>Zutaten:<\/p>\n<ul>\n<li>Pfefferminze<\/li>\n<li>Malve<\/li>\n<li>Brennessel<\/li>\n<li>Ringelblume<\/li>\n<li>Rosa Kornblume<\/li>\n<li>Zitronenmelisse<\/li>\n<\/ul>\n<p>Die Kultur des Kr\u00e4utertees ist inzwischen zu einem echten Ritual geworden. Diese feinen Kr\u00e4utermischungen werden in eleganten pyramidenf\u00f6rmigen Teebeuteln verpackt und machen die Zubereitung des Tees auch optisch zu einem angenehmen Erlebnis. <\/p>\n<p>Portionsgr\u00f6\u00dfe: 1,5 g (15 pyramidenf\u00f6rmige Teebeutel)<\/p>\n<p>&nbsp;<\/p>\n","protected":false},"excerpt":{"rendered":"<p>Zutaten: Pfefferminze Malve Brennessel Ringelblume Rosa Kornblume Zitronenmelisse Die Kultur des Kr\u00e4utertees ist inzwischen zu einem echten Ritual geworden. Diese feinen Kr\u00e4utermischungen werden in eleganten pyramidenf\u00f6rmigen Teebeuteln verpackt und machen die Zubereitung des Tees auch optisch zu einem angenehmen Erlebnis. Portionsgr\u00f6\u00dfe: 1,5 g (15 pyramidenf\u00f6rmige Teebeutel) &nbsp;<\/p>\n","protected":false},"featured_media":19402,"comment_status":"closed","ping_status":"closed","template":"","meta":[],"product_brand":[],"product_cat":[166],"product_tag":[],"class_list":{"0":"post-19403","1":"product","2":"type-product","3":"status-publish","4":"has-post-thumbnail","6":"product_cat-krautertees","8":"first","9":"instock","10":"taxable","11":"shipping-taxable","12":"purchasable","13":"product-type-simple"},"_links":{"self":[{"href":"https:\/\/erbeticino.ch\/de\/wp-json\/wp\/v2\/product\/19403","targetHints":{"allow":["GET"]}}],"collection":[{"href":"https:\/\/erbeticino.ch\/de\/wp-json\/wp\/v2\/product"}],"about":[{"href":"https:\/\/erbeticino.ch\/de\/wp-json\/wp\/v2\/types\/product"}],"replies":[{"embeddable":true,"href":"https:\/\/erbeticino.ch\/de\/wp-json\/wp\/v2\/comments?post=19403"}],"wp:featuredmedia":[{"embeddable":true,"href":"https:\/\/erbeticino.ch\/de\/wp-json\/wp\/v2\/media\/19402"}],"wp:attachment":[{"href":"https:\/\/erbeticino.ch\/de\/wp-json\/wp\/v2\/media?parent=19403"}],"wp:term":[{"taxonomy":"product_brand","embeddable":true,"href":"https:\/\/erbeticino.ch\/de\/wp-json\/wp\/v2\/product_brand?post=19403"},{"taxonomy":"product_cat","embeddable":true,"href":"https:\/\/erbeticino.ch\/de\/wp-json\/wp\/v2\/product_cat?post=19403"},{"taxonomy":"product_tag","embeddable":true,"href":"https:\/\/erbeticino.ch\/de\/wp-json\/wp\/v2\/product_tag?post=19403"}],"curies":[{"name":"wp","href":"https:\/\/api.w.org\/{rel}","templated":true}]}}