{"id":19413,"date":"2026-03-16T15:37:11","date_gmt":"2026-03-16T14:37:11","guid":{"rendered":"https:\/\/erbeticino.ch\/bio-anti-stress-kraeutertee-mit-minze-und-melisse\/"},"modified":"2026-03-18T09:47:37","modified_gmt":"2026-03-18T08:47:37","slug":"bio-anti-stress-kraeutertee-mit-minze-und-melisse","status":"publish","type":"product","link":"https:\/\/erbeticino.ch\/de\/bio-anti-stress-kraeutertee-mit-minze-und-melisse\/","title":{"rendered":"Bio-Anti-Stress-Kr\u00e4utertee mit Minze und Melisse"},"content":{"rendered":"<p>Zutaten:<\/p>\n<div class=\"css-g6ntcb\">\n<div class=\"css-bcr2hz\">\n<ul class=\"css-107bqyd\">\n<li class=\"css-11hrs4o\">\n<div class=\"css-g6ntcb\">\n<div class=\"css-bcr2hz\">Zitronenminze<\/div>\n<\/div>\n<\/li>\n<li class=\"css-11hrs4o\">\n<div class=\"css-g6ntcb\">\n<div class=\"css-bcr2hz\">Krauseminze<\/div>\n<\/div>\n<\/li>\n<li class=\"css-11hrs4o\">\n<div class=\"css-g6ntcb\">\n<div class=\"css-bcr2hz\">Zitronenmelisse<\/div>\n<\/div>\n<\/li>\n<li class=\"css-11hrs4o\">\n<div class=\"css-g6ntcb\">\n<div class=\"css-1c8ydro\">Frauenmantel<\/div>\n<\/div>\n<\/li>\n<li class=\"css-11hrs4o\">\n<div class=\"css-g6ntcb\">\n<div class=\"css-bcr2hz\">Malve<\/div>\n<\/div>\n<\/li>\n<li class=\"css-11hrs4o\">\n<div class=\"css-g6ntcb\">\n<div class=\"css-bcr2hz\">Ringelblume<\/div>\n<div><\/div>\n<div class=\"css-bcr2hz\">Die Kultur des Kr\u00e4utertees ist inzwischen zu einem echten Ritual geworden. Diese feinen Kr\u00e4utermischungen werden in eleganten pyramidenf\u00f6rmigen Teebeuteln verpackt und machen die Zubereitung des Tees auch optisch zu einem angenehmen Erlebnis. <\/div>\n<div><\/div>\n<div class=\"css-bcr2hz\">Portionsgr\u00f6\u00dfe: 1,5 g (15 pyramidenf\u00f6rmige Teebeutel)<\/div>\n<\/div>\n<\/li>\n<\/ul>\n<\/div>\n<\/div>\n","protected":false},"excerpt":{"rendered":"<p>Zutaten: Zitronenminze Krauseminze Zitronenmelisse Frauenmantel Malve Ringelblume Die Kultur des Kr\u00e4utertees ist inzwischen zu einem echten Ritual geworden. Diese feinen Kr\u00e4utermischungen werden in eleganten pyramidenf\u00f6rmigen Teebeuteln verpackt und machen die Zubereitung des Tees auch optisch zu einem angenehmen Erlebnis. Portionsgr\u00f6\u00dfe: 1,5 g (15 pyramidenf\u00f6rmige Teebeutel)<\/p>\n","protected":false},"featured_media":19412,"comment_status":"closed","ping_status":"closed","template":"","meta":[],"product_brand":[],"product_cat":[166],"product_tag":[],"class_list":{"0":"post-19413","1":"product","2":"type-product","3":"status-publish","4":"has-post-thumbnail","6":"product_cat-krautertees","8":"first","9":"instock","10":"taxable","11":"shipping-taxable","12":"purchasable","13":"product-type-simple"},"_links":{"self":[{"href":"https:\/\/erbeticino.ch\/de\/wp-json\/wp\/v2\/product\/19413","targetHints":{"allow":["GET"]}}],"collection":[{"href":"https:\/\/erbeticino.ch\/de\/wp-json\/wp\/v2\/product"}],"about":[{"href":"https:\/\/erbeticino.ch\/de\/wp-json\/wp\/v2\/types\/product"}],"replies":[{"embeddable":true,"href":"https:\/\/erbeticino.ch\/de\/wp-json\/wp\/v2\/comments?post=19413"}],"wp:featuredmedia":[{"embeddable":true,"href":"https:\/\/erbeticino.ch\/de\/wp-json\/wp\/v2\/media\/19412"}],"wp:attachment":[{"href":"https:\/\/erbeticino.ch\/de\/wp-json\/wp\/v2\/media?parent=19413"}],"wp:term":[{"taxonomy":"product_brand","embeddable":true,"href":"https:\/\/erbeticino.ch\/de\/wp-json\/wp\/v2\/product_brand?post=19413"},{"taxonomy":"product_cat","embeddable":true,"href":"https:\/\/erbeticino.ch\/de\/wp-json\/wp\/v2\/product_cat?post=19413"},{"taxonomy":"product_tag","embeddable":true,"href":"https:\/\/erbeticino.ch\/de\/wp-json\/wp\/v2\/product_tag?post=19413"}],"curies":[{"name":"wp","href":"https:\/\/api.w.org\/{rel}","templated":true}]}}