{"id":19417,"date":"2026-03-16T15:34:10","date_gmt":"2026-03-16T14:34:10","guid":{"rendered":"https:\/\/erbeticino.ch\/bio-hanf-kraeutertee\/"},"modified":"2026-03-18T10:43:01","modified_gmt":"2026-03-18T09:43:01","slug":"bio-hanf-kraeutertee","status":"publish","type":"product","link":"https:\/\/erbeticino.ch\/de\/bio-hanf-kraeutertee\/","title":{"rendered":"Bio-Hanf-Kr\u00e4utertee"},"content":{"rendered":"<p>Die Kultur des Kr\u00e4utertees ist inzwischen zu einem echten Ritual geworden. Diese feinen Kr\u00e4utermischungen werden in eleganten pyramidenf\u00f6rmigen Teebeuteln verpackt und machen die Zubereitung des Tees auch optisch zu einem angenehmen Erlebnis. <\/p>\n<p>Zutaten: Bio-Hanf<\/p>\n<p>Portionsgr\u00f6\u00dfe: 1,5 g (15 Teebeutel)<\/p>\n","protected":false},"excerpt":{"rendered":"<p>Die Kultur des Kr\u00e4utertees ist inzwischen zu einem echten Ritual geworden. Diese feinen Kr\u00e4utermischungen werden in eleganten pyramidenf\u00f6rmigen Teebeuteln verpackt und machen die Zubereitung des Tees auch optisch zu einem angenehmen Erlebnis. Zutaten: Bio-Hanf Portionsgr\u00f6\u00dfe: 1,5 g (15 Teebeutel)<\/p>\n","protected":false},"featured_media":19416,"comment_status":"closed","ping_status":"closed","template":"","meta":[],"product_brand":[],"product_cat":[166],"product_tag":[],"class_list":{"0":"post-19417","1":"product","2":"type-product","3":"status-publish","4":"has-post-thumbnail","6":"product_cat-krautertees","8":"first","9":"instock","10":"taxable","11":"shipping-taxable","12":"purchasable","13":"product-type-simple"},"_links":{"self":[{"href":"https:\/\/erbeticino.ch\/de\/wp-json\/wp\/v2\/product\/19417","targetHints":{"allow":["GET"]}}],"collection":[{"href":"https:\/\/erbeticino.ch\/de\/wp-json\/wp\/v2\/product"}],"about":[{"href":"https:\/\/erbeticino.ch\/de\/wp-json\/wp\/v2\/types\/product"}],"replies":[{"embeddable":true,"href":"https:\/\/erbeticino.ch\/de\/wp-json\/wp\/v2\/comments?post=19417"}],"wp:featuredmedia":[{"embeddable":true,"href":"https:\/\/erbeticino.ch\/de\/wp-json\/wp\/v2\/media\/19416"}],"wp:attachment":[{"href":"https:\/\/erbeticino.ch\/de\/wp-json\/wp\/v2\/media?parent=19417"}],"wp:term":[{"taxonomy":"product_brand","embeddable":true,"href":"https:\/\/erbeticino.ch\/de\/wp-json\/wp\/v2\/product_brand?post=19417"},{"taxonomy":"product_cat","embeddable":true,"href":"https:\/\/erbeticino.ch\/de\/wp-json\/wp\/v2\/product_cat?post=19417"},{"taxonomy":"product_tag","embeddable":true,"href":"https:\/\/erbeticino.ch\/de\/wp-json\/wp\/v2\/product_tag?post=19417"}],"curies":[{"name":"wp","href":"https:\/\/api.w.org\/{rel}","templated":true}]}}