{"id":19427,"date":"2026-03-06T08:59:27","date_gmt":"2026-03-06T07:59:27","guid":{"rendered":"https:\/\/erbeticino.ch\/bio-hanf-kraeutertee-2\/"},"modified":"2026-03-18T10:59:57","modified_gmt":"2026-03-18T09:59:57","slug":"bio-hanf-kraeutertee-2","status":"publish","type":"product","link":"https:\/\/erbeticino.ch\/de\/bio-hanf-kraeutertee-2\/","title":{"rendered":"Bio-Hanf-Kr\u00e4utertee"},"content":{"rendered":"<p>Zart und beruhigend.<\/p>\n<p>Zutaten: Hanf<\/p>\n<p>Lose Kr\u00e4utertees \u2013 ein traditioneller Genuss f\u00fcr echte Kenner. Die klassischen aromatischen Kr\u00e4utermischungen von Raselli werden im Zeichen von Nat\u00fcrlichkeit und Harmonie hergestellt, in kontrollierter Bio-Qualit\u00e4t.<\/p>\n<p>25 g in einer Kartonverpackung<\/p>\n","protected":false},"excerpt":{"rendered":"<p>Zart und beruhigend. Zutaten: Hanf Lose Kr\u00e4utertees \u2013 ein traditioneller Genuss f\u00fcr echte Kenner. Die klassischen aromatischen Kr\u00e4utermischungen von Raselli werden im Zeichen von Nat\u00fcrlichkeit und Harmonie hergestellt, in kontrollierter Bio-Qualit\u00e4t. 25 g in einer Kartonverpackung<\/p>\n","protected":false},"featured_media":19426,"comment_status":"closed","ping_status":"closed","template":"","meta":[],"product_brand":[],"product_cat":[166],"product_tag":[],"class_list":{"0":"post-19427","1":"product","2":"type-product","3":"status-publish","4":"has-post-thumbnail","6":"product_cat-krautertees","8":"first","9":"instock","10":"taxable","11":"shipping-taxable","12":"purchasable","13":"product-type-simple"},"_links":{"self":[{"href":"https:\/\/erbeticino.ch\/de\/wp-json\/wp\/v2\/product\/19427","targetHints":{"allow":["GET"]}}],"collection":[{"href":"https:\/\/erbeticino.ch\/de\/wp-json\/wp\/v2\/product"}],"about":[{"href":"https:\/\/erbeticino.ch\/de\/wp-json\/wp\/v2\/types\/product"}],"replies":[{"embeddable":true,"href":"https:\/\/erbeticino.ch\/de\/wp-json\/wp\/v2\/comments?post=19427"}],"wp:featuredmedia":[{"embeddable":true,"href":"https:\/\/erbeticino.ch\/de\/wp-json\/wp\/v2\/media\/19426"}],"wp:attachment":[{"href":"https:\/\/erbeticino.ch\/de\/wp-json\/wp\/v2\/media?parent=19427"}],"wp:term":[{"taxonomy":"product_brand","embeddable":true,"href":"https:\/\/erbeticino.ch\/de\/wp-json\/wp\/v2\/product_brand?post=19427"},{"taxonomy":"product_cat","embeddable":true,"href":"https:\/\/erbeticino.ch\/de\/wp-json\/wp\/v2\/product_cat?post=19427"},{"taxonomy":"product_tag","embeddable":true,"href":"https:\/\/erbeticino.ch\/de\/wp-json\/wp\/v2\/product_tag?post=19427"}],"curies":[{"name":"wp","href":"https:\/\/api.w.org\/{rel}","templated":true}]}}