{"id":6309,"date":"2021-04-30T12:54:50","date_gmt":"2021-04-30T10:54:50","guid":{"rendered":"https:\/\/erbeticino.ch\/prodotto\/aluminium-thermosflasche\/"},"modified":"2021-12-21T12:08:03","modified_gmt":"2021-12-21T11:08:03","slug":"thermos-in-alluminio","status":"publish","type":"product","link":"https:\/\/erbeticino.ch\/de\/thermos-in-alluminio\/","title":{"rendered":"Aluminiumthermosflasche"},"content":{"rendered":"<p>Die hermetische und widerstandsf\u00e4hige Erbe Ticino Aluminiumthermosflasche ist ideal f\u00fcr alle, die immer einen Schluck Natur mitnehmen m\u00f6chten. Warm im Winter oder k\u00fchl im Sommer k\u00f6nnen Sie unsere Kr\u00e4utertees bei der Temperatur genie\u00dfen, die Sie bevorzugen, wo immer Sie sind, bei der Arbeit oder w\u00e4hrend eines Ausflugs zum See oder in die Berge.<\/p>\n","protected":false},"excerpt":{"rendered":"<p>Die hermetische und widerstandsf\u00e4hige Erbe Ticino Aluminiumthermosflasche ist ideal f\u00fcr alle, die immer einen Schluck Natur mitnehmen m\u00f6chten.<\/p>\n","protected":false},"featured_media":6085,"comment_status":"closed","ping_status":"closed","template":"","meta":[],"product_brand":[],"product_cat":[133,390],"product_tag":[91,92,95,94],"class_list":{"0":"post-6309","1":"product","2":"type-product","3":"status-publish","4":"has-post-thumbnail","6":"product_cat-zubehor","7":"product_cat-angebote","8":"product_tag-flasche","9":"product_tag-thermos-de","10":"product_tag-trekking-de","11":"product_tag-wandern","13":"first","14":"instock","15":"taxable","16":"shipping-taxable","17":"purchasable","18":"product-type-simple"},"_links":{"self":[{"href":"https:\/\/erbeticino.ch\/de\/wp-json\/wp\/v2\/product\/6309","targetHints":{"allow":["GET"]}}],"collection":[{"href":"https:\/\/erbeticino.ch\/de\/wp-json\/wp\/v2\/product"}],"about":[{"href":"https:\/\/erbeticino.ch\/de\/wp-json\/wp\/v2\/types\/product"}],"replies":[{"embeddable":true,"href":"https:\/\/erbeticino.ch\/de\/wp-json\/wp\/v2\/comments?post=6309"}],"wp:featuredmedia":[{"embeddable":true,"href":"https:\/\/erbeticino.ch\/de\/wp-json\/wp\/v2\/media\/6085"}],"wp:attachment":[{"href":"https:\/\/erbeticino.ch\/de\/wp-json\/wp\/v2\/media?parent=6309"}],"wp:term":[{"taxonomy":"product_brand","embeddable":true,"href":"https:\/\/erbeticino.ch\/de\/wp-json\/wp\/v2\/product_brand?post=6309"},{"taxonomy":"product_cat","embeddable":true,"href":"https:\/\/erbeticino.ch\/de\/wp-json\/wp\/v2\/product_cat?post=6309"},{"taxonomy":"product_tag","embeddable":true,"href":"https:\/\/erbeticino.ch\/de\/wp-json\/wp\/v2\/product_tag?post=6309"}],"curies":[{"name":"wp","href":"https:\/\/api.w.org\/{rel}","templated":true}]}}