{"id":6589,"date":"2021-05-21T10:51:35","date_gmt":"2021-05-22T12:43:28","guid":{"rendered":"https:\/\/erbeticino.ch\/prodotto\/kuechenbrett\/"},"modified":"2021-06-02T09:51:58","modified_gmt":"2021-06-02T07:51:58","slug":"kuchenbrett","status":"publish","type":"product","link":"https:\/\/erbeticino.ch\/de\/kuchenbrett\/","title":{"rendered":"K\u00fcchenbrett"},"content":{"rendered":"<p>Um Ihre Gerichte zuzubereiten, aber auch Snacks, Vorspeisen und Aufschnitt auf einem eleganten K\u00fcchenbrett zu servieren, wird die Form aus einem einzigen St\u00fcck Holz ohne Zusammenbau oder Kleber erhalten. Ganz nat\u00fcrlich, wie alle unsere Produkte.<\/p>\n","protected":false},"excerpt":{"rendered":"<p>Zum Zubereiten Ihrer Gerichte, aber auch zum Servieren von Snacks, Vorspeisen und Aufschnitt auf einem eleganten K\u00fcchenbrett aus echtem Holz.<\/p>\n","protected":false},"featured_media":6378,"comment_status":"open","ping_status":"closed","template":"","meta":[],"product_brand":[],"product_cat":[133],"product_tag":[136,135,134],"class_list":{"0":"post-6589","1":"product","2":"type-product","3":"status-publish","4":"has-post-thumbnail","6":"product_cat-zubehor","7":"product_tag-geschenkideen","8":"product_tag-holz","9":"product_tag-kuchenbrett","11":"first","12":"instock","13":"taxable","14":"shipping-taxable","15":"purchasable","16":"product-type-simple"},"_links":{"self":[{"href":"https:\/\/erbeticino.ch\/de\/wp-json\/wp\/v2\/product\/6589","targetHints":{"allow":["GET"]}}],"collection":[{"href":"https:\/\/erbeticino.ch\/de\/wp-json\/wp\/v2\/product"}],"about":[{"href":"https:\/\/erbeticino.ch\/de\/wp-json\/wp\/v2\/types\/product"}],"replies":[{"embeddable":true,"href":"https:\/\/erbeticino.ch\/de\/wp-json\/wp\/v2\/comments?post=6589"}],"wp:featuredmedia":[{"embeddable":true,"href":"https:\/\/erbeticino.ch\/de\/wp-json\/wp\/v2\/media\/6378"}],"wp:attachment":[{"href":"https:\/\/erbeticino.ch\/de\/wp-json\/wp\/v2\/media?parent=6589"}],"wp:term":[{"taxonomy":"product_brand","embeddable":true,"href":"https:\/\/erbeticino.ch\/de\/wp-json\/wp\/v2\/product_brand?post=6589"},{"taxonomy":"product_cat","embeddable":true,"href":"https:\/\/erbeticino.ch\/de\/wp-json\/wp\/v2\/product_cat?post=6589"},{"taxonomy":"product_tag","embeddable":true,"href":"https:\/\/erbeticino.ch\/de\/wp-json\/wp\/v2\/product_tag?post=6589"}],"curies":[{"name":"wp","href":"https:\/\/api.w.org\/{rel}","templated":true}]}}