{"id":6590,"date":"2021-05-21T10:24:30","date_gmt":"2021-05-22T12:46:14","guid":{"rendered":"https:\/\/erbeticino.ch\/prodotto\/tasse\/"},"modified":"2021-12-21T12:07:02","modified_gmt":"2021-12-21T11:07:02","slug":"tasse","status":"publish","type":"product","link":"https:\/\/erbeticino.ch\/de\/tasse\/","title":{"rendered":"Tasse"},"content":{"rendered":"<p>In widerstandsf\u00e4higem und dickem Glas, um die W\u00e4rme oder Frische Ihres Kr\u00e4utertees f\u00fcr lange Zeit zu bewahren. Ausgestattet mit einem Griff, um Verbrennungen der Finger zu vermeiden.<\/p>\n","protected":false},"excerpt":{"rendered":"<p>In widerstandsf\u00e4higem und dickem Glas, um die W\u00e4rme oder Frische Ihres Kr\u00e4utertees f\u00fcr lange Zeit zu bewahren.<\/p>\n","protected":false},"featured_media":6341,"comment_status":"closed","ping_status":"closed","template":"","meta":[],"product_brand":[],"product_cat":[133],"product_tag":[136,93,108,137],"class_list":{"0":"post-6590","1":"product","2":"type-product","3":"status-publish","4":"has-post-thumbnail","6":"product_cat-zubehor","7":"product_tag-geschenkideen","8":"product_tag-glas","9":"product_tag-krautertees","10":"product_tag-tasse","12":"first","13":"instock","14":"taxable","15":"shipping-taxable","16":"purchasable","17":"product-type-simple"},"_links":{"self":[{"href":"https:\/\/erbeticino.ch\/de\/wp-json\/wp\/v2\/product\/6590","targetHints":{"allow":["GET"]}}],"collection":[{"href":"https:\/\/erbeticino.ch\/de\/wp-json\/wp\/v2\/product"}],"about":[{"href":"https:\/\/erbeticino.ch\/de\/wp-json\/wp\/v2\/types\/product"}],"replies":[{"embeddable":true,"href":"https:\/\/erbeticino.ch\/de\/wp-json\/wp\/v2\/comments?post=6590"}],"wp:featuredmedia":[{"embeddable":true,"href":"https:\/\/erbeticino.ch\/de\/wp-json\/wp\/v2\/media\/6341"}],"wp:attachment":[{"href":"https:\/\/erbeticino.ch\/de\/wp-json\/wp\/v2\/media?parent=6590"}],"wp:term":[{"taxonomy":"product_brand","embeddable":true,"href":"https:\/\/erbeticino.ch\/de\/wp-json\/wp\/v2\/product_brand?post=6590"},{"taxonomy":"product_cat","embeddable":true,"href":"https:\/\/erbeticino.ch\/de\/wp-json\/wp\/v2\/product_cat?post=6590"},{"taxonomy":"product_tag","embeddable":true,"href":"https:\/\/erbeticino.ch\/de\/wp-json\/wp\/v2\/product_tag?post=6590"}],"curies":[{"name":"wp","href":"https:\/\/api.w.org\/{rel}","templated":true}]}}