{"id":6683,"date":"2021-02-21T13:39:22","date_gmt":"2021-02-21T12:39:22","guid":{"rendered":"https:\/\/erbeticino.ch\/prodotto\/kraeutermischung\/"},"modified":"2021-05-27T16:15:30","modified_gmt":"2021-05-27T14:15:30","slug":"krautermischung","status":"publish","type":"product","link":"https:\/\/erbeticino.ch\/de\/krautermischung\/","title":{"rendered":"Kr\u00e4utermischung"},"content":{"rendered":"<p><strong>Mit Thymian, Ysop, Bergamotte-Minze und Salbei<\/strong><\/p>\n<p>Eine Mischung aus frischen und leckeren aromatischen Kr\u00e4utern, die jedem Gericht einen Hauch von Gesundheit und Wohlbefinden verleiht und es Ihnen erm\u00f6glicht, den Salzverbrauch in der K\u00fcche zu reduzieren.<\/p>\n","protected":false},"excerpt":{"rendered":"<p>Mit Thymian, Ysop, Bergamotte-Minze und Salbei Eine Mischung aus frischen und leckeren aromatischen Kr\u00e4utern, die jedem Gericht einen Hauch von Gesundheit und Wohlbefinden verleiht und es Ihnen erm\u00f6glicht, den Salzverbrauch in der K\u00fcche zu reduzieren.<\/p>\n","protected":false},"featured_media":7032,"comment_status":"closed","ping_status":"closed","template":"","meta":[],"product_brand":[],"product_cat":[390,114],"product_tag":[151,110,150,112,149,152],"class_list":{"0":"post-6683","1":"product","2":"type-product","3":"status-publish","4":"has-post-thumbnail","6":"product_cat-angebote","7":"product_cat-aromen-und-salz","8":"product_tag-krauter","9":"product_tag-minze","10":"product_tag-rosmarin","11":"product_tag-salbei","12":"product_tag-thymian","13":"product_tag-ysop","15":"first","16":"instock","17":"taxable","18":"shipping-taxable","19":"purchasable","20":"product-type-simple"},"_links":{"self":[{"href":"https:\/\/erbeticino.ch\/de\/wp-json\/wp\/v2\/product\/6683","targetHints":{"allow":["GET"]}}],"collection":[{"href":"https:\/\/erbeticino.ch\/de\/wp-json\/wp\/v2\/product"}],"about":[{"href":"https:\/\/erbeticino.ch\/de\/wp-json\/wp\/v2\/types\/product"}],"replies":[{"embeddable":true,"href":"https:\/\/erbeticino.ch\/de\/wp-json\/wp\/v2\/comments?post=6683"}],"wp:featuredmedia":[{"embeddable":true,"href":"https:\/\/erbeticino.ch\/de\/wp-json\/wp\/v2\/media\/7032"}],"wp:attachment":[{"href":"https:\/\/erbeticino.ch\/de\/wp-json\/wp\/v2\/media?parent=6683"}],"wp:term":[{"taxonomy":"product_brand","embeddable":true,"href":"https:\/\/erbeticino.ch\/de\/wp-json\/wp\/v2\/product_brand?post=6683"},{"taxonomy":"product_cat","embeddable":true,"href":"https:\/\/erbeticino.ch\/de\/wp-json\/wp\/v2\/product_cat?post=6683"},{"taxonomy":"product_tag","embeddable":true,"href":"https:\/\/erbeticino.ch\/de\/wp-json\/wp\/v2\/product_tag?post=6683"}],"curies":[{"name":"wp","href":"https:\/\/api.w.org\/{rel}","templated":true}]}}