{"id":6686,"date":"2021-02-21T13:37:40","date_gmt":"2021-02-21T12:37:40","guid":{"rendered":"https:\/\/erbeticino.ch\/prodotto\/blumenmischung\/"},"modified":"2022-04-26T13:54:48","modified_gmt":"2022-04-26T11:54:48","slug":"blumenmischung","status":"publish","type":"product","link":"https:\/\/erbeticino.ch\/de\/blumenmischung\/","title":{"rendered":"Blumenmischung"},"content":{"rendered":"<p><strong>Mit Ringelblume, Sonnenblume und Kornblume<\/strong><\/p>\n<p>F\u00fcr einen Hauch von Eleganz und Einzigartigkeit in jedem Rezept oder f\u00fcr einen Hauch von Kreativit\u00e4t und Verlangen nach Farbe ist die Mischung aus essbaren Bl\u00fctenbl\u00e4ttern perfekt. Aus naturnahen Blumen im Valle di Blenio.<\/p>\n","protected":false},"excerpt":{"rendered":"<p>Perfekt, um Ihren Kreationen einen Hauch von Eleganz und Einzigartigkeit zu verleihen.<\/p>\n","protected":false},"featured_media":7035,"comment_status":"closed","ping_status":"closed","template":"","meta":[],"product_brand":[],"product_cat":[390,114],"product_tag":[153,156,154,155],"class_list":{"0":"post-6686","1":"product","2":"type-product","3":"status-publish","4":"has-post-thumbnail","6":"product_cat-angebote","7":"product_cat-aromen-und-salz","8":"product_tag-blumen","9":"product_tag-kornblume","10":"product_tag-ringelblume","11":"product_tag-sonnenblume","13":"first","14":"instock","15":"taxable","16":"shipping-taxable","17":"purchasable","18":"product-type-simple"},"_links":{"self":[{"href":"https:\/\/erbeticino.ch\/de\/wp-json\/wp\/v2\/product\/6686","targetHints":{"allow":["GET"]}}],"collection":[{"href":"https:\/\/erbeticino.ch\/de\/wp-json\/wp\/v2\/product"}],"about":[{"href":"https:\/\/erbeticino.ch\/de\/wp-json\/wp\/v2\/types\/product"}],"replies":[{"embeddable":true,"href":"https:\/\/erbeticino.ch\/de\/wp-json\/wp\/v2\/comments?post=6686"}],"wp:featuredmedia":[{"embeddable":true,"href":"https:\/\/erbeticino.ch\/de\/wp-json\/wp\/v2\/media\/7035"}],"wp:attachment":[{"href":"https:\/\/erbeticino.ch\/de\/wp-json\/wp\/v2\/media?parent=6686"}],"wp:term":[{"taxonomy":"product_brand","embeddable":true,"href":"https:\/\/erbeticino.ch\/de\/wp-json\/wp\/v2\/product_brand?post=6686"},{"taxonomy":"product_cat","embeddable":true,"href":"https:\/\/erbeticino.ch\/de\/wp-json\/wp\/v2\/product_cat?post=6686"},{"taxonomy":"product_tag","embeddable":true,"href":"https:\/\/erbeticino.ch\/de\/wp-json\/wp\/v2\/product_tag?post=6686"}],"curies":[{"name":"wp","href":"https:\/\/api.w.org\/{rel}","templated":true}]}}